{"id":393,"date":"2024-10-16T16:58:23","date_gmt":"2024-10-16T14:58:23","guid":{"rendered":"https:\/\/menaki.es\/?post_type=product&#038;p=393"},"modified":"2026-03-18T15:10:15","modified_gmt":"2026-03-18T14:10:15","slug":"pack-cocina","status":"publish","type":"product","link":"https:\/\/menaki.es\/de\/producto\/pack-cocina\/","title":{"rendered":"K\u00dcCHEN-PACK"},"content":{"rendered":"<div id=\"product-description_pc\" style=\"flex-direction: row; width: 100%; justify-content: space-between;\">\n<div class=\"product-description-column first-product-column\" style=\"width: fit-content; margin-right: auto;\">\n<p class=\"product-item-p\" style=\"margin: 5px 0;\">2 Tassen<\/p>\n<p class=\"product-item-p\" style=\"margin: 5px 0;\">2 Gl\u00e4ser<\/p>\n<p class=\"product-item-p\" style=\"margin: 5px 0;\">2 flache Teller<\/p>\n<p class=\"product-item-p\" style=\"margin: 5px 0;\">2 tiefe Teller<\/p>\n<p class=\"product-item-p\" style=\"margin: 5px 0;\">2 Dessertteller<\/p>\n<\/div>\n<div class=\"product-description-column middle-product-column\" style=\"width: fit-content; margin: 0 auto;\">\n<p class=\"product-item-p\" style=\"margin: 5px 0;\">2 Suppenl\u00f6ffel<\/p>\n<p class=\"product-item-p\" style=\"margin: 5px 0;\">2 Gabeln<\/p>\n<p class=\"product-item-p\" style=\"margin: 5px 0;\">2 Dessertl\u00f6ffel<\/p>\n<p class=\"product-item-p\" style=\"margin: 5px 0;\">2 Messer<\/p>\n<p class=\"product-item-p\" style=\"margin: 5px 0;\">2 Sch\u00fcsseln<\/p>\n<\/div>\n<div class=\"product-description-column middle-product-column\" style=\"width: fit-content; margin: 0 auto;\">\n<p class=\"product-item-p\" style=\"margin: 5px 0;\">1 Sieb<\/p>\n<p class=\"product-item-p\" style=\"margin: 5px 0;\">1 Pfanne 22cm<\/p>\n<p class=\"product-item-p\" style=\"margin: 5px 0;\">1 Topf 22cm<\/p>\n<p class=\"product-item-p\" style=\"margin: 5px 0;\">2 K\u00fcchent\u00fccher<\/p>\n<p class=\"product-item-p\" style=\"margin: 5px 0;\">1 Pfannenwender<\/p>\n<\/div>\n<div class=\"product-description-column middle-product-column\" style=\"width: fit-content; margin: 0;\">\n<p class=\"product-item-p\" style=\"margin: 5px 0;\">1 Set 3 Lebensmittelbeh\u00e4lter<\/p>\n<p class=\"product-item-p\" style=\"margin: 5px 0;\">1 Nudelzange<\/p>\n<p class=\"product-item-p\" style=\"margin: 5px 0;\">1 Schauml\u00f6ffel<\/p>\n<p class=\"product-item-p\" style=\"margin: 5px 0;\">1 Schneidebrett<\/p>\n<p class=\"product-item-p\" style=\"margin: 5px 0;\">1 Sch\u00f6pfl\u00f6ffel<\/p>\n<\/div>\n<div class=\"product-description-column last-product-column\" style=\"width: fit-content; margin-left: auto;\">\n<p class=\"product-item-p\" style=\"margin: 5px 0;\">1 Kochmesser<\/p>\n<p class=\"product-item-p\" style=\"margin: 5px 0;\">1 K\u00fcchenschere<\/p>\n<p class=\"product-item-p\" style=\"margin: 5px 0;\">1 Multifunktions\u00f6ffner<\/p>\n<p class=\"product-item-p\" style=\"margin: 5px 0;\">1 Sch\u00e4ler<\/p>\n<\/div>\n<\/div>\n<div id=\"product-description_responsive\" style=\"flex-direction: row; width: 100%; flex-wrap: wrap; justify-content: center;\">\n<div class=\"product-description-column first-product-column\" style=\"width: fit-content;\">\n<p class=\"product-item-p\" style=\"margin: 5px 0;\">2 Tassen<\/p>\n<p class=\"product-item-p\" style=\"margin: 5px 0;\">2 Gl\u00e4ser<\/p>\n<p class=\"product-item-p\" style=\"margin: 5px 0;\">2 flache Teller<\/p>\n<p class=\"product-item-p\" style=\"margin: 5px 0;\">2 tiefe Teller<\/p>\n<p class=\"product-item-p\" style=\"margin: 5px 0;\">2 Dessertteller<\/p>\n<p class=\"product-item-p\" style=\"margin: 5px 0;\">2 Suppenl\u00f6ffel<\/p>\n<p class=\"product-item-p\" style=\"margin: 5px 0;\">2 Gabeln<\/p>\n<p class=\"product-item-p\" style=\"margin: 5px 0;\">2 Dessertl\u00f6ffel<\/p>\n<p class=\"product-item-p\" style=\"margin: 5px 0;\">2 Messer<\/p>\n<p class=\"product-item-p\" style=\"margin: 5px 0;\">2 Sch\u00fcsseln<\/p>\n<p class=\"product-item-p\" style=\"margin: 5px 0;\">1 Multifunktions\u00f6ffner<\/p>\n<p class=\"product-item-p\" style=\"margin: 5px 0;\">1 Sch\u00e4ler<\/p>\n<\/div>\n<div class=\"product-description-column middle-product-column\" style=\"width: fit-content; margin-left: 25px;\">\n<p class=\"product-item-p\" style=\"margin: 5px 0;\">1 Sieb<\/p>\n<p class=\"product-item-p\" style=\"margin: 5px 0;\">1 Pfanne 22cm<\/p>\n<p class=\"product-item-p\" style=\"margin: 5px 0;\">1 Topf 22cm<\/p>\n<p class=\"product-item-p\" style=\"margin: 5px 0;\">2 K\u00fcchent\u00fccher<\/p>\n<p class=\"product-item-p\" style=\"margin: 5px 0;\">1 Pfannenwender<\/p>\n<p class=\"product-item-p\" style=\"margin: 5px 0;\">1 Set 3 Lebensmittelbeh\u00e4lter<\/p>\n<p class=\"product-item-p\" style=\"margin: 5px 0;\">1 Nudelzange<\/p>\n<p class=\"product-item-p\" style=\"margin: 5px 0;\">1 Schauml\u00f6ffel<\/p>\n<p class=\"product-item-p\" style=\"margin: 5px 0;\">1 Schneidebrett<\/p>\n<p class=\"product-item-p\" style=\"margin: 5px 0;\">1 Sch\u00f6pfl\u00f6ffel<\/p>\n<p class=\"product-item-p\" style=\"margin: 5px 0;\">1 Kochmesser<\/p>\n<p class=\"product-item-p\" style=\"margin: 5px 0;\">1 K\u00fcchenschere<\/p>\n<\/div>\n<\/div>\n<div><\/div>","protected":false},"excerpt":{"rendered":"<p>Das Menaki K\u00fcchen-Pack enth\u00e4lt die wichtigsten Utensilien, um deine Mahlzeiten bequem zuzubereiten. Sch\u00f6pfl\u00f6ffel, Pfannenwender, Sch\u00e4ler und mehr \u2013 alles in einem einzigen Set, damit dir in der K\u00fcche nichts fehlt. Au\u00dferdem sind Pfannen und T\u00f6pfe f\u00fcr alle Herdarten geeignet, auch Induktion. Praktisch und sofort einsatzbereit!<\/p>","protected":false},"featured_media":7486,"comment_status":"open","ping_status":"closed","template":"","meta":[],"product_brand":[],"product_cat":[20,19],"product_tag":[],"class_list":{"0":"post-393","1":"product","2":"type-product","3":"status-publish","4":"has-post-thumbnail","6":"product_cat-cocina","7":"product_cat-packs","9":"first","10":"instock","11":"shipping-taxable","12":"purchasable","13":"product-type-simple"},"_links":{"self":[{"href":"https:\/\/menaki.es\/de\/wp-json\/wp\/v2\/product\/393","targetHints":{"allow":["GET"]}}],"collection":[{"href":"https:\/\/menaki.es\/de\/wp-json\/wp\/v2\/product"}],"about":[{"href":"https:\/\/menaki.es\/de\/wp-json\/wp\/v2\/types\/product"}],"replies":[{"embeddable":true,"href":"https:\/\/menaki.es\/de\/wp-json\/wp\/v2\/comments?post=393"}],"wp:featuredmedia":[{"embeddable":true,"href":"https:\/\/menaki.es\/de\/wp-json\/wp\/v2\/media\/7486"}],"wp:attachment":[{"href":"https:\/\/menaki.es\/de\/wp-json\/wp\/v2\/media?parent=393"}],"wp:term":[{"taxonomy":"product_brand","embeddable":true,"href":"https:\/\/menaki.es\/de\/wp-json\/wp\/v2\/product_brand?post=393"},{"taxonomy":"product_cat","embeddable":true,"href":"https:\/\/menaki.es\/de\/wp-json\/wp\/v2\/product_cat?post=393"},{"taxonomy":"product_tag","embeddable":true,"href":"https:\/\/menaki.es\/de\/wp-json\/wp\/v2\/product_tag?post=393"}],"curies":[{"name":"wp","href":"https:\/\/api.w.org\/{rel}","templated":true}]}}