{"id":425,"date":"2024-10-17T09:40:25","date_gmt":"2024-10-17T07:40:25","guid":{"rendered":"https:\/\/menaki.es\/?post_type=product&#038;p=425"},"modified":"2026-03-19T15:20:56","modified_gmt":"2026-03-19T14:20:56","slug":"pack-dormitorio-bano","status":"publish","type":"product","link":"https:\/\/menaki.es\/de\/producto\/pack-dormitorio-bano\/","title":{"rendered":"SCHLAFZIMMER + BAD-PACK"},"content":{"rendered":"<div id=\"product-description_pc\" style=\"flex-direction: row; width: 100%; justify-content: space-between;\">\n<div class=\"product-description-column first-product-column\" style=\"width: fit-content; margin-right: auto;\">\n<p class=\"product-item-p\" style=\"margin: 5px 0;\">1 Bettdecke<\/p>\n<p class=\"product-item-p\" style=\"margin: 5px 0;\">1 Spannbettlaken<\/p>\n<\/div>\n<div class=\"product-description-column middle-product-column\" style=\"width: fit-content; margin: 0 auto;\">\n<p class=\"product-item-p\" style=\"margin: 5px 0;\">1 Kissenbezug<\/p>\n<p class=\"product-item-p\" style=\"margin: 5px 0;\">1 Bettbezug<\/p>\n<\/div>\n<div class=\"product-description-column middle-product-column\" style=\"width: fit-content; margin: 0 auto;\">\n<p class=\"product-item-p\" style=\"margin: 5px 0;\">1 Federkissen aus Fasern<\/p>\n<p class=\"product-item-p\" style=\"margin: 5px 0;\">1 Gro\u00dfes Handtuch 70x140cm<\/p>\n<\/div>\n<div class=\"product-description-column middle-product-column\" style=\"width: fit-content; margin: 0 auto;\">\n<p class=\"product-item-p\" style=\"margin: 5px 0;\">1 Mittelgro\u00dfes Handtuch 50x100cm<\/p>\n<p class=\"product-item-p\" style=\"margin: 5px 0;\">1 Kleines Handtuch 30x50cm<\/p>\n<\/div>\n<div class=\"product-description-column last-product-column\" style=\"width: fit-content; margin-left: auto;\">\n<p class=\"product-item-p\" style=\"margin: 5px 0;\">1 Badezimmerteppich<\/p>\n<\/div>\n<\/div>\n<div id=\"product-description_responsive\" style=\"flex-direction: row; width: 100%; justify-content: space-between;\">\n<div class=\"product-description-column first-product-column\" style=\"max-width: fit-content;\">\n<p class=\"product-item-p\" style=\"margin: 5px 0; max-width: fit-content;\">1 Bettdecke<\/p>\n<p class=\"product-item-p\" style=\"margin: 5px 0; max-width: fit-content;\">1 Spannbettlaken<\/p>\n<p class=\"product-item-p\" style=\"margin: 5px 0; max-width: fit-content;\">1 Kissenbezug<\/p>\n<p class=\"product-item-p\" style=\"margin: 5px 0; max-width: fit-content;\">1 Bettbezug<\/p>\n<p class=\"product-item-p\" style=\"margin: 5px 0; max-width: fit-content;\">1 Federkissen aus Fasern<\/p>\n<p class=\"product-item-p\" style=\"margin: 5px 0; max-width: fit-content;\">1 Gro\u00dfes Handtuch 70x140cm<\/p>\n<p class=\"product-item-p\" style=\"margin: 5px 0; max-width: fit-content;\">1 Mittelgro\u00dfes Handtuch 50x100cm<\/p>\n<p class=\"product-item-p\" style=\"margin: 5px 0; max-width: fit-content;\">1 Kleines Handtuch 30x50cm<\/p>\n<p class=\"product-item-p\" style=\"margin: 5px 0; max-width: fit-content;\">1 Badezimmerteppich<\/p>\n<\/div>\n<\/div>\n<div class=\"product-description_pc\" style=\"display: block; border-collapse: collapse; width: 100%; margin-top: 48px; font-family: 'Manrope', Arial, sans-serif;\">\n<table style=\"border-collapse: collapse; width: 100%;\">\n<thead>\n<tr style=\"background-color: #fff7f3;\">\n<th style=\"border: 1px solid #ddd; padding: 15px; text-align: center; font-size: 16px; font-weight: 400;\">Bettma\u00dfe<\/th>\n<th style=\"border: 1px solid #ddd; padding: 15px; text-align: center; font-size: 16px; font-weight: 400;\">Pack 90<\/th>\n<th style=\"border: 1px solid #ddd; padding: 15px; text-align: center; font-size: 16px; font-weight: 400;\">Pack 100\u2009\u2013\u2009115<\/th>\n<th style=\"border: 1px solid #ddd; padding: 15px; text-align: center; font-size: 16px; font-weight: 400;\">Pack 120\u2009\u2013\u2009140<\/th>\n<\/tr>\n<\/thead>\n<tbody>\n<tr>\n<td style=\"border: 1px solid #ddd; padding: 15px; text-align: center; background-color: #f9f9f9;\">Kompatible Breite<\/td>\n<td style=\"border: 1px solid #ddd; padding: 15px; text-align: center;\">85\u2009\u2013\u2009100 cm<\/td>\n<td style=\"border: 1px solid #ddd; padding: 15px; text-align: center;\">100\u2009\u2013\u2009115 cm<\/td>\n<td style=\"border: 1px solid #ddd; padding: 15px; text-align: center;\">120\u2009\u2013\u2009140 cm<\/td>\n<\/tr>\n<tr>\n<td style=\"border: 1px solid #ddd; padding: 15px; text-align: center; background-color: #f9f9f9;\">Kompatible L\u00e4nge<\/td>\n<td style=\"border: 1px solid #ddd; padding: 15px; text-align: center;\">180\u2009\u2013\u2009200 cm<\/td>\n<td style=\"border: 1px solid #ddd; padding: 15px; text-align: center;\">180\u2009\u2013\u2009200 cm<\/td>\n<td style=\"border: 1px solid #ddd; padding: 15px; text-align: center;\">180\u2009\u2013\u2009200 cm<\/td>\n<\/tr>\n<\/tbody>\n<\/table>\n<\/div>\n<table class=\"product-description_responsive\" style=\"border-collapse: collapse; width: 100%; margin-top: 48px; font-family: 'Manrope', Arial, sans-serif; display: none; table-layout: fixed;\">\n<thead>\n<tr style=\"background-color: #fff7f3;\">\n<th style=\"border: 1px solid #ddd; padding: 15px; text-align: left; font-size: 16px; font-weight: 400; width: 33.33%;\">Packs<\/th>\n<th style=\"border: 1px solid #ddd; padding: 15px; text-align: left; font-size: 16px; font-weight: 400; width: 33.33%;\">Kompatible Breite<\/th>\n<th style=\"border: 1px solid #ddd; padding: 15px; text-align: left; font-size: 16px; font-weight: 400; width: 33.33%;\">Kompatible L\u00e4nge<\/th>\n<\/tr>\n<\/thead>\n<tbody>\n<tr>\n<td style=\"border: 1px solid #ddd; padding: 15px; text-align: left; background-color: #f9f9f9; width: 33.33%;\">Pack 90<\/td>\n<td style=\"border: 1px solid #ddd; padding: 15px; text-align: left; width: 33.33%;\">85\u2009\u2013\u2009100 cm<\/td>\n<td style=\"border: 1px solid #ddd; padding: 15px; text-align: left; width: 33.33%;\">180\u2009\u2013\u2009200 cm<\/td>\n<\/tr>\n<tr>\n<td style=\"border: 1px solid #ddd; padding: 15px; text-align: left; background-color: #f9f9f9; width: 33.33%;\">Pack 100\u2009\u2013\u2009115<\/td>\n<td style=\"border: 1px solid #ddd; padding: 15px; text-align: left; width: 33.33%;\">100\u2009\u2013\u2009115 cm<\/td>\n<td style=\"border: 1px solid #ddd; padding: 15px; text-align: left; width: 33.33%;\">180\u2009\u2013\u2009200 cm<\/td>\n<\/tr>\n<tr>\n<td style=\"border: 1px solid #ddd; padding: 15px; text-align: left; background-color: #f9f9f9; width: 33.33%;\">Pack 120\u2009\u2013\u2009140<\/td>\n<td style=\"border: 1px solid #ddd; padding: 15px; text-align: left; width: 33.33%;\">120\u2009\u2013\u2009140 cm<\/td>\n<td style=\"border: 1px solid #ddd; padding: 15px; text-align: left; width: 33.33%;\">180\u2009\u2013\u2009200 cm<\/td>\n<\/tr>\n<\/tbody>\n<\/table>\n<div class=\"product-description_pc\" style=\"display: block; border-collapse: collapse; width: 100%; margin-top: 48px; font-family: 'Manrope', Arial, sans-serif;\">\n<table style=\"border-collapse: collapse; width: 100%;\">\n<thead>\n<tr style=\"background-color: #fff7f3;\">\n<th style=\"border: 1px solid #ddd; padding: 15px; text-align: center; font-size: 16px; font-weight: 400;\">Pack-Inhalt<\/th>\n<th style=\"border: 1px solid #ddd; padding: 15px; text-align: center; font-size: 16px; font-weight: 400;\">Pack 90<\/th>\n<th style=\"border: 1px solid #ddd; padding: 15px; text-align: center; font-size: 16px; font-weight: 400;\">Pack 100\u2009\u2013\u2009115<\/th>\n<th style=\"border: 1px solid #ddd; padding: 15px; text-align: center; font-size: 16px; font-weight: 400;\">Pack 120\u2009\u2013\u2009140<\/th>\n<\/tr>\n<\/thead>\n<tbody>\n<tr>\n<td style=\"border: 1px solid #ddd; padding: 15px; text-align: center; background-color: #f9f9f9;\">Bettdeckenf\u00fcllung<\/td>\n<td style=\"border: 1px solid #ddd; padding: 15px; text-align: center;\">150 x 220 cm<\/td>\n<td style=\"border: 1px solid #ddd; padding: 15px; text-align: center;\">180 x 220 cm<\/td>\n<td style=\"border: 1px solid #ddd; padding: 15px; text-align: center;\">220 x 220 cm<\/td>\n<\/tr>\n<tr>\n<td style=\"border: 1px solid #ddd; padding: 15px; text-align: center; background-color: #f9f9f9;\">Bettbezug<\/td>\n<td style=\"border: 1px solid #ddd; padding: 15px; text-align: center;\">160 x 220 + 40 cm<\/td>\n<td style=\"border: 1px solid #ddd; padding: 15px; text-align: center;\">180 x 220 + 40 cm<\/td>\n<td style=\"border: 1px solid #ddd; padding: 15px; text-align: center;\">220 x 220 + 40 cm<\/td>\n<\/tr>\n<tr>\n<td style=\"border: 1px solid #ddd; padding: 15px; text-align: center; background-color: #f9f9f9;\">Spannbettlaken<\/td>\n<td style=\"border: 1px solid #ddd; padding: 15px; text-align: center;\">90 x 197 + 27 cm<\/td>\n<td style=\"border: 1px solid #ddd; padding: 15px; text-align: center;\">105 x 200 + 30 cm<\/td>\n<td style=\"border: 1px solid #ddd; padding: 15px; text-align: center;\">135 x 197 + 27 cm<\/td>\n<\/tr>\n<tr>\n<td style=\"border: 1px solid #ddd; padding: 15px; text-align: center; background-color: #f9f9f9;\">Kopfkissen<\/td>\n<td style=\"border: 1px solid #ddd; padding: 15px; text-align: center;\">40 x 90 cm<\/td>\n<td style=\"border: 1px solid #ddd; padding: 15px; text-align: center;\">40 x 105 cm<\/td>\n<td style=\"border: 1px solid #ddd; padding: 15px; text-align: center;\">40 x 135 cm<\/td>\n<\/tr>\n<tr>\n<td style=\"border: 1px solid #ddd; padding: 15px; text-align: center; background-color: #f9f9f9;\">Kissenbezug<\/td>\n<td style=\"border: 1px solid #ddd; padding: 15px; text-align: center;\">45 x 110 cm<\/td>\n<td style=\"border: 1px solid #ddd; padding: 15px; text-align: center;\">45 x 125 cm<\/td>\n<td style=\"border: 1px solid #ddd; padding: 15px; text-align: center;\">45 x 155 cm<\/td>\n<\/tr>\n<tr>\n<td style=\"border: 1px solid #ddd; padding: 15px; text-align: center; background-color: #f9f9f9;\">Handtuch (Grammatur)<\/td>\n<td colspan=\"3\" style=\"border: 1px solid #ddd; padding: 15px; text-align: center;\">500 Gramm<\/td>\n<\/tr>\n<tr>\n<td style=\"border: 1px solid #ddd; padding: 15px; text-align: center; background-color: #f9f9f9;\">Bettdecke (Grammatur)<\/td>\n<td colspan=\"3\" style=\"border: 1px solid #ddd; padding: 15px; text-align: center;\">300 Gramm<\/td>\n<\/tr>\n<\/tbody>\n<\/table>\n<\/div>\n<table class=\"product-description_responsive\" style=\"border-collapse: collapse; width: 100%; margin-top: 48px; font-family: 'Manrope', Arial, sans-serif; display: none; table-layout: fixed;\">\n<thead>\n<tr style=\"background-color: #fff7f3;\">\n<th style=\"border: 1px solid #ddd; padding: 10px; text-align: left; font-size: 14px; font-weight: 400; width: 30%;\">Packs<\/th>\n<th style=\"border: 1px solid #ddd; padding: 10px; text-align: left; font-size: 14px; font-weight: 400;\">Medidas Detalladas<\/th>\n<\/tr>\n<\/thead>\n<tbody>\n<tr>\n<td style=\"border: 1px solid #ddd; padding: 10px; text-align: left; background-color: #f9f9f9; vertical-align: top;\"><strong>Pack 90<\/strong><\/td>\n<td style=\"border: 1px solid #ddd; padding: 10px; text-align: left; font-size: 13px;\">\n                N\u00f3rdico: 150&#215;220 cm<br \/>\n                Funda N.: 160&#215;220+40 cm<br \/>\n                Bajera: 90&#215;197+27 cm<br \/>\n                Almohada: 40&#215;90 cm<br \/>\n                Funda almohada: 45&#215;110 cm\n            <\/td>\n<\/tr>\n<tr>\n<td style=\"border: 1px solid #ddd; padding: 10px; text-align: left; background-color: #f9f9f9; vertical-align: top;\"><strong>Pack 100-115<\/strong><\/td>\n<td style=\"border: 1px solid #ddd; padding: 10px; text-align: left; font-size: 13px;\">\n                N\u00f3rdico: 180&#215;220 cm<br \/>\n                Funda N.: 180&#215;220+40 cm<br \/>\n                Bajera: 105&#215;200+30 cm<br \/>\n                Almohada: 40&#215;105 cm<br \/>\n                Funda almohada: 45&#215;125 cm\n            <\/td>\n<\/tr>\n<tr>\n<td style=\"border: 1px solid #ddd; padding: 10px; text-align: left; background-color: #f9f9f9; vertical-align: top;\"><strong>Pack 120-140<\/strong><\/td>\n<td style=\"border: 1px solid #ddd; padding: 10px; text-align: left; font-size: 13px;\">\n                N\u00f3rdico: 220&#215;220 cm<br \/>\n                Funda N.: 220&#215;220+40 cm<br \/>\n                Bajera: 135&#215;197+27 cm<br \/>\n                Almohada: 40&#215;135 cm<br \/>\n                Funda almohada: 45&#215;155 cm\n            <\/td>\n<\/tr>\n<tr>\n<td colspan=\"2\" style=\"border: 1px solid #ddd; padding: 10px; text-align: center; background-color: #fff7f3;\">\n                Toallas: 500 gramos en todos los packs\n            <\/td>\n<\/tr>\n<tr>\n<td colspan=\"2\" style=\"border: 1px solid #ddd; padding: 10px; text-align: center; background-color: #fff7f3;\">\n                N\u00f3rdicos: 300 gramos en todos los packs\n            <\/td>\n<\/tr>\n<\/tbody>\n<\/table>","protected":false},"excerpt":{"rendered":"<p>Viele Unterk\u00fcnfte stellen eigene Bettw\u00e4sche zur Verf\u00fcgung, aber wenn du lieber deine eigene f\u00fcr mehr Komfort haben m\u00f6chtest, findest du bei Menaki.es qualitativ hochwertige Optionen, die auf deine Bed\u00fcrfnisse zugeschnitten sind.<\/p>\n<p>Bevor du deine Bettw\u00e4sche ausw\u00e4hlst, vergewissere dich, dass du die Ma\u00dfe deines Bettes kennst. So stellst du sicher, dass sie perfekt passen, und genie\u00dft den besten Schlaf.<\/p>","protected":false},"featured_media":3018,"comment_status":"open","ping_status":"closed","template":"","meta":[],"product_brand":[],"product_cat":[24,26,19],"product_tag":[],"class_list":{"0":"post-425","1":"product","2":"type-product","3":"status-publish","4":"has-post-thumbnail","6":"product_cat-bano","7":"product_cat-dormitorio","8":"product_cat-packs","10":"first","11":"instock","12":"shipping-taxable","13":"purchasable","14":"product-type-variable"},"_links":{"self":[{"href":"https:\/\/menaki.es\/de\/wp-json\/wp\/v2\/product\/425","targetHints":{"allow":["GET"]}}],"collection":[{"href":"https:\/\/menaki.es\/de\/wp-json\/wp\/v2\/product"}],"about":[{"href":"https:\/\/menaki.es\/de\/wp-json\/wp\/v2\/types\/product"}],"replies":[{"embeddable":true,"href":"https:\/\/menaki.es\/de\/wp-json\/wp\/v2\/comments?post=425"}],"wp:featuredmedia":[{"embeddable":true,"href":"https:\/\/menaki.es\/de\/wp-json\/wp\/v2\/media\/3018"}],"wp:attachment":[{"href":"https:\/\/menaki.es\/de\/wp-json\/wp\/v2\/media?parent=425"}],"wp:term":[{"taxonomy":"product_brand","embeddable":true,"href":"https:\/\/menaki.es\/de\/wp-json\/wp\/v2\/product_brand?post=425"},{"taxonomy":"product_cat","embeddable":true,"href":"https:\/\/menaki.es\/de\/wp-json\/wp\/v2\/product_cat?post=425"},{"taxonomy":"product_tag","embeddable":true,"href":"https:\/\/menaki.es\/de\/wp-json\/wp\/v2\/product_tag?post=425"}],"curies":[{"name":"wp","href":"https:\/\/api.w.org\/{rel}","templated":true}]}}