{"id":3337,"date":"2025-03-18T12:46:10","date_gmt":"2025-03-18T11:46:10","guid":{"rendered":"https:\/\/menaki.es\/?page_id=3337"},"modified":"2026-04-20T17:06:03","modified_gmt":"2026-04-20T15:06:03","slug":"residencia","status":"publish","type":"page","link":"https:\/\/menaki.es\/fr\/residencia\/","title":{"rendered":"Residencia"},"content":{"rendered":"\t\t<div data-elementor-type=\"wp-page\" data-elementor-id=\"3337\" class=\"elementor elementor-3337\" data-elementor-post-type=\"page\">\n\t\t\t\t<div class=\"elementor-element elementor-element-4fcdefe2 e-flex e-con-boxed e-con e-parent\" data-id=\"4fcdefe2\" data-element_type=\"container\" data-e-type=\"container\" data-settings=\"{&quot;background_background&quot;:&quot;slideshow&quot;,&quot;background_slideshow_gallery&quot;:[{&quot;id&quot;:8186,&quot;url&quot;:&quot;https:\\\/\\\/menaki.es\\\/wp-content\\\/uploads\\\/2026\\\/04\\\/9N3A8520-scaled.webp&quot;}],&quot;background_slideshow_loop&quot;:&quot;yes&quot;,&quot;background_slideshow_slide_duration&quot;:5000,&quot;background_slideshow_slide_transition&quot;:&quot;fade&quot;,&quot;background_slideshow_transition_duration&quot;:500}\">\n\t\t\t\t\t<div class=\"e-con-inner\">\n\t\t<div class=\"elementor-element elementor-element-29d79a9 e-con-full e-flex e-con e-child\" data-id=\"29d79a9\" data-element_type=\"container\" data-e-type=\"container\" data-settings=\"{&quot;background_background&quot;:&quot;slideshow&quot;,&quot;background_slideshow_gallery&quot;:[],&quot;background_slideshow_loop&quot;:&quot;yes&quot;,&quot;background_slideshow_slide_duration&quot;:5000,&quot;background_slideshow_slide_transition&quot;:&quot;fade&quot;,&quot;background_slideshow_transition_duration&quot;:500}\">\n\t\t\t\t<div class=\"elementor-element elementor-element-c52cbfe elementor-widget elementor-widget-html\" data-id=\"c52cbfe\" data-element_type=\"widget\" data-e-type=\"widget\" data-widget_type=\"html.default\">\n\t\t\t\t<div class=\"elementor-widget-container\">\n\t\t\t\t\t<img decoding=\"async\" id=\"header-residencia-logo\" alt=\"Imagen no disponible;\" style=\"width: 100%; object-fit: contain; max-height: 125px;\" src=\"https:\/\/menaki.es\/wp-content\/uploads\/2024\/10\/menaki-logo-1.png\">\t\t\t\t<\/div>\n\t\t\t\t<\/div>\n\t\t\t\t<\/div>\n\t\t<div class=\"elementor-element elementor-element-a36fff2 e-con-full e-flex e-con e-child\" data-id=\"a36fff2\" data-element_type=\"container\" data-e-type=\"container\">\n\t\t\t\t<div class=\"elementor-element elementor-element-07912f9 elementor-widget elementor-widget-html\" data-id=\"07912f9\" data-element_type=\"widget\" data-e-type=\"widget\" data-widget_type=\"html.default\">\n\t\t\t\t<div class=\"elementor-widget-container\">\n\t\t\t\t\t<style>\n    #header-title_landing-residencia {\n        text-align: center;\n    }\n    \n    @media (max-width: 768px) {\n        h1#header-title_landing-residencia {\n            text-align: center !important;\n        }\n    }\n<\/style>\n<h1 style=\"color: white; font-size: 32px; line-height: 40px; text-transform: uppercase;\" id=\"header-title_landing-residencia\" class=\"notranslate\">MUDARSE A <span class=\"residencia-palabra\">LA RESIDENCIA<\/span><br>NUNCA FUE TAN F\u00c1CIL<\/h1>\t\t\t\t<\/div>\n\t\t\t\t<\/div>\n\t\t\t\t<\/div>\n\t\t\t\t<div class=\"elementor-element elementor-element-5e7c1ce elementor-hidden-mobile elementor-hidden-widescreen elementor-hidden-desktop elementor-hidden-laptop elementor-hidden-tablet elementor-widget elementor-widget-text-editor\" data-id=\"5e7c1ce\" data-element_type=\"widget\" data-e-type=\"widget\" data-widget_type=\"text-editor.default\">\n\t\t\t\t<div class=\"elementor-widget-container\">\n\t\t\t\t\t\t\t\t\t<p><span style=\"font-weight: 400;\">Tu habitaci\u00f3n lista desde el primer d\u00eda, sin estr\u00e9s ni compras innecesarias.<\/span><\/p>\t\t\t\t\t\t\t\t<\/div>\n\t\t\t\t<\/div>\n\t\t\t\t<div class=\"elementor-element elementor-element-36c310c elementor-widget elementor-widget-html\" data-id=\"36c310c\" data-element_type=\"widget\" data-e-type=\"widget\" data-widget_type=\"html.default\">\n\t\t\t\t<div class=\"elementor-widget-container\">\n\t\t\t\t\t<style>\n    .elige-pack-btn_landing-residencia {\n        background: #494470;\n        color: white;\n        font-family: 'Manrope', sans-serif;\n        font-weight: 600;\n        font-size: 16px;\n        letter-spacing: 2px;\n        padding: 15px 45px;\n        border: none;\n        border-radius: 0px;\n        text-decoration: none;\n        display: inline-block;\n        transition: all 0.3s ease;\n    }\n\n    .elige-pack-btn_landing-residencia:hover {\n        background: #e56e18;\n        color: white;\n    }\n<\/style>\n<a  class=\"elige-pack-btn_landing-residencia\" href=\"#\">\n    ELIGE TU PACK\n<\/a>\t\t\t\t<\/div>\n\t\t\t\t<\/div>\n\t\t\t\t\t<\/div>\n\t\t\t\t<\/div>\n\t\t<div class=\"elementor-element elementor-element-613809b7 e-flex e-con-boxed e-con e-parent\" data-id=\"613809b7\" data-element_type=\"container\" data-e-type=\"container\">\n\t\t\t\t\t<div class=\"e-con-inner\">\n\t\t<div class=\"elementor-element elementor-element-4c2a213 e-con-full elementor-hidden-mobile e-flex e-con e-child\" data-id=\"4c2a213\" data-element_type=\"container\" data-e-type=\"container\">\n\t\t\t\t<div class=\"elementor-element elementor-element-43fddbd elementor-widget elementor-widget-html\" data-id=\"43fddbd\" data-element_type=\"widget\" data-e-type=\"widget\" data-widget_type=\"html.default\">\n\t\t\t\t<div class=\"elementor-widget-container\">\n\t\t\t\t\t<img decoding=\"async\" class=\"residencia-foto\" alt=\"Imagen no disponible;\" style=\"width: 100%; object-fit: cover; max-height:600px;height:500px;\" src=\"https:\/\/menaki.es\/wp-content\/uploads\/2026\/03\/proceso2.webp\">\t\t\t\t<\/div>\n\t\t\t\t<\/div>\n\t\t\t\t<\/div>\n\t\t<div class=\"elementor-element elementor-element-1a487270 e-con-full e-flex e-con e-child\" data-id=\"1a487270\" data-element_type=\"container\" data-e-type=\"container\">\n\t\t\t\t<div class=\"elementor-element elementor-element-7d4d1834 elementor-widget elementor-widget-heading\" data-id=\"7d4d1834\" data-element_type=\"widget\" data-e-type=\"widget\" data-widget_type=\"heading.default\">\n\t\t\t\t<div class=\"elementor-widget-container\">\n\t\t\t\t\t<p class=\"elementor-heading-title elementor-size-default\">\u00bfPOR QU\u00c9 MENAKI?<\/p>\t\t\t\t<\/div>\n\t\t\t\t<\/div>\n\t\t\t\t<div class=\"elementor-element elementor-element-2c945f64 elementor-widget elementor-widget-text-editor\" data-id=\"2c945f64\" data-element_type=\"widget\" data-e-type=\"widget\" id=\"landing-list\" data-widget_type=\"text-editor.default\">\n\t\t\t\t<div class=\"elementor-widget-container\">\n\t\t\t\t\t\t\t\t\t<ul><li><span style=\"font-weight: 400;\">Los packs esenciales ya est\u00e1n disponibles en recepci\u00f3n.<\/span><\/li><li style=\"font-weight: 400;\" aria-level=\"1\"><span style=\"font-weight: 400;\">Productos elegidos espec\u00edficamente para tu residencia.<\/span><\/li><li style=\"font-weight: 400;\" aria-level=\"1\"><span style=\"font-weight: 400;\">Todo listo en menos de 2 minutos.<\/span><\/li><\/ul>\t\t\t\t\t\t\t\t<\/div>\n\t\t\t\t<\/div>\n\t\t<div class=\"elementor-element elementor-element-f7facec e-con-full elementor-hidden-widescreen elementor-hidden-desktop elementor-hidden-laptop elementor-hidden-tablet e-flex e-con e-child\" data-id=\"f7facec\" data-element_type=\"container\" data-e-type=\"container\">\n\t\t\t\t<div class=\"elementor-element elementor-element-c354e05 elementor-widget elementor-widget-html\" data-id=\"c354e05\" data-element_type=\"widget\" data-e-type=\"widget\" data-widget_type=\"html.default\">\n\t\t\t\t<div class=\"elementor-widget-container\">\n\t\t\t\t\t<img class=\"residencia-foto\" alt=\"Imagen no disponible;\" style=\"width: 100%; object-fit: cover; max-height:300px;height:300px;\"src=\"https:\/\/menaki.es\/wp-content\/uploads\/2026\/03\/proceso2.webp\">\t\t\t\t<\/div>\n\t\t\t\t<\/div>\n\t\t\t\t<\/div>\n\t\t<div class=\"elementor-element elementor-element-9f629e9 e-con-full elementor-hidden-mobile e-flex e-con e-child\" data-id=\"9f629e9\" data-element_type=\"container\" data-e-type=\"container\">\n\t\t\t\t<div class=\"elementor-element elementor-element-142cd5d elementor-widget elementor-widget-html\" data-id=\"142cd5d\" data-element_type=\"widget\" data-e-type=\"widget\" data-widget_type=\"html.default\">\n\t\t\t\t<div class=\"elementor-widget-container\">\n\t\t\t\t\t<img id=\"residencia-logo\" alt=\"Imagen no disponible;\" style=\"width: 200px; object-fit: contain; max-height: 100px;\">\t\t\t\t<\/div>\n\t\t\t\t<\/div>\n\t\t\t\t<div class=\"elementor-element elementor-element-b4495e7 elementor-widget__width-initial elementor-widget elementor-widget-image\" data-id=\"b4495e7\" data-element_type=\"widget\" data-e-type=\"widget\" data-widget_type=\"image.default\">\n\t\t\t\t<div class=\"elementor-widget-container\">\n\t\t\t\t\t\t\t\t\t\t\t\t\t\t\t<img fetchpriority=\"high\" decoding=\"async\" width=\"640\" height=\"390\" src=\"https:\/\/menaki.es\/wp-content\/uploads\/2024\/10\/menaki-logo-1.png\" class=\"attachment-large size-large wp-image-71\" alt=\"\" srcset=\"https:\/\/menaki.es\/wp-content\/uploads\/2024\/10\/menaki-logo-1.png 640w, https:\/\/menaki.es\/wp-content\/uploads\/2024\/10\/menaki-logo-1-600x366.png 600w, https:\/\/menaki.es\/wp-content\/uploads\/2024\/10\/menaki-logo-1-300x183.png 300w\" sizes=\"(max-width: 640px) 100vw, 640px\" \/>\t\t\t\t\t\t\t\t\t\t\t\t\t\t\t<\/div>\n\t\t\t\t<\/div>\n\t\t\t\t<\/div>\n\t\t\t\t<div class=\"elementor-element elementor-element-593e320 elementor-widget elementor-widget-html\" data-id=\"593e320\" data-element_type=\"widget\" data-e-type=\"widget\" data-widget_type=\"html.default\">\n\t\t\t\t<div class=\"elementor-widget-container\">\n\t\t\t\t\t<style>\n\n#elige-resi-btn_landing-residencia {\n    background: #494470;\n    color: white;\n    font-family: 'Manrope', sans-serif;\n    font-weight: 600;\n    font-size: 14px;\n    letter-spacing: 2px;\n    text-transform: uppercase;\n    text-decoration: none;\n    white-space: nowrap;\n    display: inline-block;\n    padding: 15px 45px;\n    border: none;\n    border-radius: 0px;\n    cursor: pointer;\n    transition: background 0.3s ease;\n}\n\n#elige-resi-btn_landing-residencia:hover {\n    background: #e56e18;\n    color: white;\n}\n\n<\/style>\n\n<a href=\"#\" id=\"elige-resi-btn_landing-residencia\">\n    SELECCIONA TU RESIDENCIA\n<\/a>\t\t\t\t<\/div>\n\t\t\t\t<\/div>\n\t\t\t\t<\/div>\n\t\t\t\t\t<\/div>\n\t\t\t\t<\/div>\n\t\t<div class=\"elementor-element elementor-element-51edbb6 e-con-full e-flex e-con e-parent\" data-id=\"51edbb6\" data-element_type=\"container\" data-e-type=\"container\" data-settings=\"{&quot;background_background&quot;:&quot;classic&quot;}\">\n\t\t\t\t<div class=\"elementor-element elementor-element-d0c2c94 elementor-widget__width-inherit elementor-widget elementor-widget-shortcode\" data-id=\"d0c2c94\" data-element_type=\"widget\" data-e-type=\"widget\" data-widget_type=\"shortcode.default\">\n\t\t\t\t<div class=\"elementor-widget-container\">\n\t\t\t\t\t\t\t<div class=\"elementor-shortcode\">\n    <style>\n        :root {\n            --menaki-process-primary-color: #e56e18;\n            --menaki-process-secondary-color: #494470;\n            --menaki-procecss-third-color: #b9a081;\n            --menaki-process-background-color: #fcf0e6;\n            --menaki-process-text-color: #0A0A0A;\n            --menaki-process-font-family: 'Manrope', Sans-serif;\n        }\n\n        #menaki-process .bg-purple {\n            background-color: var(--menaki-process-secondary-color);\n        }\n\n        #menaki-process .bg-orange {\n            background-color: var(--menaki-process-primary-color);\n        }\n\n        #menaki-process.menaki-process-section {\n            width: 100%;\n            display: flex;\n            justify-content: center;\n            align-items: center;\n            padding: 64px 0;\n            background-color: transparent;\n            font-family: var(--menaki-process-font-family);\n        }\n\t\t\n\t\t@media (max-width: 768px) {\n\t\t\t#menaki-process.menaki-process-section {\n            \tpadding: 32px 0;\n        \t}\n\t\t}\n\n        #menaki-process .menaki-process-container {\n            max-width: 1400px;\n            width: 100%;\n            display: flex;\n            flex-direction: column;\n            gap: 64px;\n        }\n\t\t\n\t\t@media (max-width: 1400px) {\n\t\t\t#menaki-process .menaki-process-container {\n\t\t\t\tpadding: 0 32px;\n\t\t\t}\n\t\t}\n\n        #menaki-process .menaki-process-container .menaki-process-section-title {\n            font-size: 32px;\n            font-weight: 600;\n            letter-spacing: 2px;\n            text-align: left;\n            text-transform: uppercase;\n            color: var(--menaki-process-text-color);\n        }\n\n        #menaki-process .menaki-process-container-grid {\n            width: 100%;\n            display: grid;\n            grid-template-columns: repeat(auto-fit, minmax(280px, 1fr));\n            gap: 64px;\n\t\t\tpadding: 0 16px;\n        }\n\n        @media (max-width: 1400px) {\n            #menaki-process .menaki-process-container-grid {\n                grid-template-columns: repeat(2, minmax(0, 1fr));\n                gap: 96px;\n            }\n        }\n\n        @media (max-width: 768px) {\n            #menaki-process .menaki-process-container-grid {\n                grid-template-columns: 1fr;\n                gap: 80px;\n            }\n        }\n\n        #menaki-process .menaki-process-container .menaki-process-card {\n            position: relative;\n            display: flex;\n            flex-direction: column;\n            justify-content: center;\n            align-items: center;\n            position: relative;\n            z-index: 9;\n        }\n\n        #menaki-process .menaki-process-container .menaki-process-card::after {\n            content: '';\n            min-width: 100%;\n            min-height: 100%;\n            position: absolute;\n            top: 15px;\n            left: 15px;\n            z-index: -1;\n        }\n\n        #menaki-process .menaki-process-container #menaki-process-card-1::after,\n        #menaki-process .menaki-process-container #menaki-process-card-2::after {\n            background-color: var(--menaki-process-primary-color);\n        }\n\n        #menaki-process .menaki-process-container #menaki-process-card-3::after,\n        #menaki-process .menaki-process-container #menaki-process-card-4::after {\n            background-color: var(--menaki-process-secondary-color);\n        }\n\n        #menaki-process .menaki-process-container .menaki-process-card-number {\n            position: absolute;\n            top: -15px;\n            left: -15px;\n            width: 50px;\n            height: 50px;\n            border-radius: 50%;\n            color: #fff;\n            display: flex;\n            justify-content: center;\n            align-items: center;\n            font-size: 20px;\n            font-weight: bold;\n            margin-bottom: 20px;\n        }\n\n        #menaki-process .menaki-process-container .menaki-process-card-img {\n            width: 100%;\n            height: auto;\n            border: 1px solid var(--menaki-process-text-color);\n            border-bottom: none;\n        }\n\n        #menaki-process .menaki-process-container .menaki-process-card-text-container {\n            width: 100%;\n            padding: 24px 16px 16px 16px;\n            border: 1px solid var(--menaki-process-text-color);\n            border-top: none;\n            background-color: var(--menaki-process-background-color);\n        }\n\n        #menaki-process .menaki-process-container .menaki-process-card-title {\n            font-size: 20px;\n            font-weight: bold;\n            text-align: left;\n            color: var(--menaki-process-text-color);\n            margin-bottom: 12px;\n        }\n\n        #menaki-process .menaki-process-container .menaki-process-card-text {\n            font-size: 16px;\n            text-align: left;\n            color: var(--menaki-process-text-color);\n        }\n    <\/style>\n\n    <div class=\"menaki-process-section\" id=\"menaki-process\">\n        <div class=\"menaki-process-container\">\n            <p class=\"menaki-process-section-title\">\u00bfC\u00f3mo funciona Menaki?<\/p>\n\n            <div class=\"menaki-process-container-grid\">\n                <div class=\"menaki-process-card\" id=\"menaki-process-card-1\">\n                    <div class=\"menaki-process-card-number bg-purple\">1<\/div>\n                    <img decoding=\"async\" src=\"https:\/\/menaki.es\/wp-content\/uploads\/2026\/03\/proceso1.webp\" alt=\"\" class=\"menaki-process-card-img\">\n                    <div class=\"menaki-process-card-text-container\">\n                        <p class=\"menaki-process-card-title\">Llegas a tu residencia<\/p>\n                        <p class=\"menaki-process-card-text\">Y te das cuenta de que no tienes ni una s\u00e1bana, ni un tenedor.<\/p>\n                    <\/div>\n                <\/div>\n\n                <div class=\"menaki-process-card\" id=\"menaki-process-card-2\">\n                    <div class=\"menaki-process-card-number bg-purple\">2<\/div>\n                    <img decoding=\"async\" src=\"https:\/\/menaki.es\/wp-content\/uploads\/2026\/03\/proceso2.webp\" alt=\"\" class=\"menaki-process-card-img\">\n                    <div class=\"menaki-process-card-text-container\">\n                        <p class=\"menaki-process-card-title\">Escaneas el QR<\/p>\n                        <p class=\"menaki-process-card-text\">Eliges el pack que necesitas desde el m\u00f3vil.<\/p>\n                    <\/div>\n                <\/div>\n\n                <div class=\"menaki-process-card\" id=\"menaki-process-card-3\">\n                    <div class=\"menaki-process-card-number bg-orange\">3<\/div>\n                    <img decoding=\"async\" src=\"https:\/\/menaki.es\/wp-content\/uploads\/2026\/03\/proceso3.webp\" alt=\"\" class=\"menaki-process-card-img\">\n                    <div class=\"menaki-process-card-text-container\">\n                        <p class=\"menaki-process-card-title\">Recoges en recepci\u00f3n<\/p>\n                        <p class=\"menaki-process-card-text\">Sin esperar env\u00edos, sin cargar bolsas de IKEA.<\/p>\n                    <\/div>\n                <\/div>\n\n                <div class=\"menaki-process-card\" id=\"menaki-process-card-4\">\n                    <div class=\"menaki-process-card-number bg-orange\">4<\/div>\n                    <img decoding=\"async\" src=\"https:\/\/menaki.es\/wp-content\/uploads\/2026\/03\/proceso4.webp\" alt=\"\" class=\"menaki-process-card-img\">\n                    <div class=\"menaki-process-card-text-container\">\n                        <p class=\"menaki-process-card-title\">Disfrutas<\/p>\n                        <p class=\"menaki-process-card-text\">En 5 minutos tienes tu cama hecha y la cocina lista.<\/p>\n                    <\/div>\n                <\/div>\n            <\/div>\n        <\/div>\n    <\/div>\n\n<\/div>\n\t\t\t\t\t\t<\/div>\n\t\t\t\t<\/div>\n\t\t\t\t<\/div>\n\t\t<div class=\"elementor-element elementor-element-07ad68b e-flex e-con-boxed e-con e-parent\" data-id=\"07ad68b\" data-element_type=\"container\" data-e-type=\"container\">\n\t\t\t\t\t<div class=\"e-con-inner\">\n\t\t\t\t<div class=\"elementor-element elementor-element-8471e9f elementor-widget elementor-widget-shortcode\" data-id=\"8471e9f\" data-element_type=\"widget\" data-e-type=\"widget\" data-widget_type=\"shortcode.default\">\n\t\t\t\t<div class=\"elementor-widget-container\">\n\t\t\t\t\t\t\t<div class=\"elementor-shortcode\"><div class=\"mpa-shortcode\" data-menaki-comparison id=\"menaki-precio-articulos-1\">\n\t\t\t\t<div class=\"mpa-wrap\">\n\t\t\t\t\t<div class=\"mpa-title\">Comparativa honesta<\/div>\n\n\t\t\t\t\t<div class=\"mpa-cards-outer\">\n\t\t\t\t\t\t<div class=\"mpa-ikea-wrap\">\n\t\t\t\t\t\t\t<div class=\"mpa-card-inner\">\n\t\t\t\t\t\t\t\t<div class=\"mpa-card-head\">\n\t\t\t\t\t\t\t\t\t<div class=\"mpa-card-head-name\">IKEA<\/div>\n\t\t\t\t\t\t\t\t<\/div>\n\t\t\t\t\t\t\t\t<div class=\"mpa-card-rows\">\n\t\t\t\t\t\t\t\t\t<div class=\"mpa-card-row\">\n\t\t\t\t\t\t\t\t\t\t<div class=\"mpa-row-label\">Productos<\/div>\n\t\t\t\t\t\t\t\t\t\t<div class=\"mpa-row-val\">Gen\u00e9ricos. Puede que no te sirvan<\/div>\n\t\t\t\t\t\t\t\t\t<\/div>\n\t\t\t\t\t\t\t\t\t<div class=\"mpa-card-row\" data-menaki-tiempo-row>\n\t\t\t\t\t\t\t\t\t\t<div class=\"mpa-row-label\">Tiempo invertido<\/div>\n\t\t\t\t\t\t\t\t\t\t<div class=\"mpa-row-val\">3 horas<\/div>\n\t\t\t\t\t\t\t\t\t<\/div>\n\t\t\t\t\t\t\t\t\t<div class=\"mpa-card-row\">\n\t\t\t\t\t\t\t\t\t\t<div class=\"mpa-row-label\">Disponibilidad<\/div>\n\t\t\t\t\t\t\t\t\t\t<div class=\"mpa-row-val\">No inmediata<\/div>\n\t\t\t\t\t\t\t\t\t<\/div>\n\t\t\t\t\t\t\t\t<\/div>\n\t\t\t\t\t\t\t\t<div class=\"mpa-card-price\">\n\t\t\t\t\t\t\t\t\t<span class=\"mpa-price-num\">74\u20ac<\/span>\n\t\t\t\t\t\t\t\t\t<span class=\"mpa-price-label\">suma de art\u00edculos sueltos<\/span>\n\t\t\t\t\t\t\t\t<\/div>\n\t\t\t\t\t\t\t<\/div>\n\t\t\t\t\t\t<\/div>\n\n\t\t\t\t\t\t<div class=\"mpa-vs-col\" data-menaki-vs-col>\n\t\t\t\t\t\t\t<div class=\"mpa-vs-spacer-top\" data-menaki-vs-spacer><\/div>\n\t\t\t\t\t\t\t<div class=\"mpa-vs-pill\">VS<\/div>\n\t\t\t\t\t\t<\/div>\n\n\t\t\t\t\t\t<div class=\"mpa-menaki-wrap\">\n\t\t\t\t\t\t\t<div class=\"mpa-winner-tag\">\u2726 Recomendado por tu residencia<\/div>\n\t\t\t\t\t\t\t<div class=\"mpa-card-inner\">\n\t\t\t\t\t\t\t\t<div class=\"mpa-card-head\">\n\t\t\t\t\t\t\t\t\t<div class=\"mpa-card-head-name\">MENAKI<\/div>\n\t\t\t\t\t\t\t\t<\/div>\n\t\t\t\t\t\t\t\t<div class=\"mpa-card-rows\">\n\t\t\t\t\t\t\t\t\t<div class=\"mpa-card-row\">\n\t\t\t\t\t\t\t\t\t\t<div class=\"mpa-row-label\">Productos<\/div>\n\t\t\t\t\t\t\t\t\t\t<div class=\"mpa-row-val\">Optimizado para tu residencia<\/div>\n\t\t\t\t\t\t\t\t\t<\/div>\n\t\t\t\t\t\t\t\t\t<div class=\"mpa-card-row\">\n\t\t\t\t\t\t\t\t\t\t<div class=\"mpa-row-label\">Tiempo invertido<\/div>\n\t\t\t\t\t\t\t\t\t\t<div class=\"mpa-row-val\">2 minutos<\/div>\n\t\t\t\t\t\t\t\t\t<\/div>\n\t\t\t\t\t\t\t\t\t<div class=\"mpa-card-row\">\n\t\t\t\t\t\t\t\t\t\t<div class=\"mpa-row-label\">Disponibilidad<\/div>\n\t\t\t\t\t\t\t\t\t\t<div class=\"mpa-row-val\">Recogida inmediata en recepci\u00f3n<\/div>\n\t\t\t\t\t\t\t\t\t<\/div>\n\t\t\t\t\t\t\t\t<\/div>\n\t\t\t\t\t\t\t\t<div class=\"mpa-card-price\">\n\t\t\t\t\t\t\t\t\t<span class=\"mpa-price-num\">78\u20ac<\/span>\n\t\t\t\t\t\t\t\t\t<span class=\"mpa-price-label\">pack cocina<\/span>\n\t\t\t\t\t\t\t\t<\/div>\n\t\t\t\t\t\t\t<\/div>\n\t\t\t\t\t\t<\/div>\n\t\t\t\t\t<\/div>\n\n\t\t\t\t\t<div class=\"mpa-quote-block\">\n\t\t\t\t\t\t<p class=\"mpa-quote-text\">El a\u00f1o anterior de conocer Menaki, fui a Ikea; acab\u00e9 comprando cosas que no\n\t\t\t\t\t\t\tnecesitaba\u2026 y otras que ni me serv\u00edan como una sart\u00e9n que no era de inducci\u00f3n.<\/p>\n\t\t\t\t\t\t<div class=\"mpa-quote-author\">Cristina \u2014 Residente en Sevilla<\/div>\n\t\t\t\t\t<\/div>\n\n\t\t\t\t\t<div class=\"mpa-cta-wrap\">\n\t\t\t\t\t\t<a class=\"mpa-cta-btn\" href=\"https:\/\/menaki.es\/packs\/\">Recoge tu pack<\/a>\n\t\t\t\t\t<\/div>\n\t\t\t\t<\/div>\n\t\t\t<\/div><\/div>\n\t\t\t\t\t\t<\/div>\n\t\t\t\t<\/div>\n\t\t\t\t\t<\/div>\n\t\t\t\t<\/div>\n\t\t\t\t<\/div>\n\t\t","protected":false},"excerpt":{"rendered":"<p>MUDARSE A LA RESIDENCIANUNCA FUE TAN F\u00c1CIL Tu habitaci\u00f3n lista desde el primer d\u00eda, sin estr\u00e9s ni compras innecesarias. ELIGE TU PACK \u00bfPOR QU\u00c9 MENAKI? Los packs esenciales ya est\u00e1n disponibles en recepci\u00f3n. Productos elegidos espec\u00edficamente para tu residencia. Todo listo en menos de 2 minutos. SELECCIONA TU RESIDENCIA<\/p>","protected":false},"author":2,"featured_media":0,"parent":0,"menu_order":0,"comment_status":"closed","ping_status":"closed","template":"elementor_header_footer","meta":{"footnotes":""},"class_list":["post-3337","page","type-page","status-publish","hentry"],"_links":{"self":[{"href":"https:\/\/menaki.es\/fr\/wp-json\/wp\/v2\/pages\/3337","targetHints":{"allow":["GET"]}}],"collection":[{"href":"https:\/\/menaki.es\/fr\/wp-json\/wp\/v2\/pages"}],"about":[{"href":"https:\/\/menaki.es\/fr\/wp-json\/wp\/v2\/types\/page"}],"author":[{"embeddable":true,"href":"https:\/\/menaki.es\/fr\/wp-json\/wp\/v2\/users\/2"}],"replies":[{"embeddable":true,"href":"https:\/\/menaki.es\/fr\/wp-json\/wp\/v2\/comments?post=3337"}],"version-history":[{"count":130,"href":"https:\/\/menaki.es\/fr\/wp-json\/wp\/v2\/pages\/3337\/revisions"}],"predecessor-version":[{"id":8914,"href":"https:\/\/menaki.es\/fr\/wp-json\/wp\/v2\/pages\/3337\/revisions\/8914"}],"wp:attachment":[{"href":"https:\/\/menaki.es\/fr\/wp-json\/wp\/v2\/media?parent=3337"}],"curies":[{"name":"wp","href":"https:\/\/api.w.org\/{rel}","templated":true}]}}