{"id":3676,"date":"2025-04-14T17:04:09","date_gmt":"2025-04-14T15:04:09","guid":{"rendered":"https:\/\/menaki.es\/?page_id=3676"},"modified":"2026-04-07T15:59:59","modified_gmt":"2026-04-07T13:59:59","slug":"politica-de-cookies","status":"publish","type":"page","link":"https:\/\/menaki.es\/fr\/politica-de-cookies\/","title":{"rendered":"Pol\u00edtica de cookies"},"content":{"rendered":"<div data-elementor-type=\"wp-page\" data-elementor-id=\"3676\" class=\"elementor elementor-3676\" data-elementor-post-type=\"page\">\n\t\t\t\t<div class=\"elementor-element elementor-element-15f59e3 e-flex e-con-boxed e-con e-parent\" data-id=\"15f59e3\" data-element_type=\"container\" data-e-type=\"container\">\n\t\t\t\t\t<div class=\"e-con-inner\">\n\t\t\t\t<div class=\"elementor-element elementor-element-926b50f elementor-widget elementor-widget-heading\" data-id=\"926b50f\" data-element_type=\"widget\" data-e-type=\"widget\" data-widget_type=\"heading.default\">\n\t\t\t\t<div class=\"elementor-widget-container\">\n\t\t\t\t\t<h2 class=\"elementor-heading-title elementor-size-default\">Pol\u00edtica de cookies<\/h2>\t\t\t\t<\/div>\n\t\t\t\t<\/div>\n\t\t\t\t<div class=\"elementor-element elementor-element-8c7ef81 elementor-widget elementor-widget-text-editor\" data-id=\"8c7ef81\" data-element_type=\"widget\" data-e-type=\"widget\" data-widget_type=\"text-editor.default\">\n\t\t\t\t<div class=\"elementor-widget-container\">\n\t\t\t\t\t\t\t\t\t<p><strong><strong>AVANT DE COMMENCER\u2026<\/strong>&nbsp;<\/strong><\/p>\n<p>En esta Pol\u00edtica de Cookies encontrar\u00e1s informaci\u00f3n sobre el uso que realizamos de las cookies y dispositivos similares que se instalan en los terminales de nuestros clientes y usuarios. En ocasiones, el uso de cookies puede estar relacionado con el tratamiento de datos personales, por lo que te recomendamos que consultes nuestra Pol\u00edtica de Privacidad, accesible en nuestra Plataforma, si deseas informaci\u00f3n sobre c\u00f3mo usamos los datos personales de nuestros clientes y usuarios, c\u00f3mo ejercitar tus derechos, o la terminolog\u00eda que utilizamos para referirnos a nuestra Web.<\/p>\n<p><strong>INFORMACI\u00d3N SOBRE COOKIES&nbsp;<\/strong><\/p>\n<p><strong>1.&nbsp;<\/strong><strong>\u00bfQu\u00e9 es una Cookie?<\/strong><strong>&nbsp;<\/strong><\/p>\n<p>Una Cookie es un peque\u00f1o fichero de texto que un sitio web, app u otra plataforma almacena en tu ordenador, tableta, tel\u00e9fono inteligente o cualquier otro dispositivo similar, con informaci\u00f3n sobre tu navegaci\u00f3n o uso, como una etiqueta que identifica tu dispositivo. Las Cookies son necesarias por ejemplo para facilitar la navegaci\u00f3n y conocer la manera en que interact\u00faan los usuarios con las plataformas, de manera que puedan ser mejoradas. Tambi\u00e9n son muy \u00fatiles para poder ofrecer publicidad seg\u00fan las preferencias del usuario, as\u00ed como para otras finalidades que se detallan m\u00e1s adelante. Las Cookies no da\u00f1an tu ordenador o dispositivo.<\/p>\n<p>Cuando hablamos de \u00abCookies\u00bb tambi\u00e9n nos referimos a otras tecnolog\u00edas similares de instalaci\u00f3n y\/o&nbsp; recogida de informaci\u00f3n en o sobre tu dispositivo (tales como flash cookies, web beacons o bugs, pixels,&nbsp; HTML5 (de almacenamiento local), y tecnolog\u00edas SDK para formatos app. Asimismo, el t\u00e9rmino \u201cCookies\u201d&nbsp; tambi\u00e9n resulta de aplicaci\u00f3n al uso de t\u00e9cnicas de fingerprin,ng, es decir, aquellas t\u00e9cnicas de&nbsp; combinaci\u00f3n de informaci\u00f3n que nos ayudan a iden,ficar tu disposi,vo. En ocasiones, estas tecnolog\u00edas&nbsp; funcionan de manera conjunta con cookies para recopilar y almacenar informaci\u00f3n, bien para&nbsp; proporcionarte ciertas funcionalidades o servicios en nuestra Plataforma, o bien para mostrarte&nbsp; publicidad en las plataformas de terceros, teniendo en cuenta tu navegaci\u00f3n.<\/p>\n<p>Esta explicaci\u00f3n es una muestra general de lo que se en,ende por Cookies a meros efectos informa,vos.&nbsp; Las Cookies que u,lizamos de manera espec\u00edfica se detallan en el panel de configuraci\u00f3n de cookies&nbsp; accesible en nuestra Plataforma.<\/p>\n<p><strong>2.&nbsp;<\/strong><strong>\u00bfQu\u00e9 tipos de Cookies existen?<\/strong><strong>&nbsp;<\/strong><\/p>\n<p>Por favor, revisa esta secci\u00f3n que proporciona una visi\u00f3n general de la tipolog\u00eda de Cookies que se pueden utilizar en un entorno online.<\/p>\n<p><span style=\"letter-spacing: 0.2px;\">En funci\u00f3n del propietario de las Cookies, pueden clasificarse en:&nbsp;<\/span><\/p>\n<p>\u2022 Cookies propias: Son aquellas que se env\u00edan al ordenador o disposi,vo del usuario desde un&nbsp; equipo o dominio gestionado por el propio editor, y desde el que se ofrece la plataforma o el&nbsp; servicio solicitado por el usuario.<\/p>\n<p>\u2022 Cookies de tercero: Son aquellas que se env\u00edan al ordenador o dispositivo del usuario desde un&nbsp; equipo o dominio que no es ges,onado por el editor, sino por otra en,dad que trata los datos&nbsp; obtenidos a trav\u00e9s de las cookies.<\/p>\n<p>En funci\u00f3n de la finalidad de la Cookie, pueden clasificarse en:<\/p>\n<p>\u2022 Cookies estrictamente necesarias (t\u00e9cnicas): Son aquellas que permiten al usuario la navegaci\u00f3n a trav\u00e9s de una p\u00e1gina web, plataforma o aplicaci\u00f3n y la utilizaci\u00f3n de las diferentes opciones o servicios que en ellas existan como, por ejemplo, controlar el tr\u00e1fico, identificar datos o la sesi\u00f3n, acceder a secciones o contenidos de acceso restringido, recordar los elementos que integran un pedido, realizar el proceso de compra de un pedido, gestionar el pago, controlar el fraude vinculado a la seguridad del servicio, utilizar elementos de seguridad durante la navegaci\u00f3n, realizar la solicitud de inscripci\u00f3n o participaci\u00f3n en un evento, almacenar contenidos para la difusi\u00f3n de v\u00eddeos o sonido, habilitar contenidos din\u00e1micos (por ejemplo, animaci\u00f3n de carga de un texto o imagen) o compartir contenidos a trav\u00e9s de redes sociales. Las cookies t\u00e9cnicas, al ser estrictamente necesarias, se descargan por defecto cuando permitan mostrar la plataforma o prestar el servicio solicitado por el usuario.<\/p>\n<p>\u2022 Cookies de funcionalidad o personalizaci\u00f3n: Estas cookies permiten recordar informaci\u00f3n para que el usuario acceda al servicio o plataforma con determinadas caracter\u00edsticas que pueden diferenciar su experiencia de la de otros usuarios, como, por ejemplo, el idioma, el n\u00famero de resultados a mostrar cuando el usuario realiza una b\u00fasqueda, el aspecto o contenido del servicio en funci\u00f3n del tipo de navegador usado por el usuario o de la regi\u00f3n desde la que accede al servicio, etc. El no aceptar estas Cookies puede generar un rendimiento lento de la p\u00e1gina web o recomendaciones mal adaptadas.<\/p>\n<p>\u2022 Cookies de an\u00e1lisis: Son aquellas que permiten cuantificar el n\u00famero de usuarios, las secciones visitadas en la plataforma y c\u00f3mo interact\u00faan con la misma, para as\u00ed realizar la medici\u00f3n y an\u00e1lisis estad\u00edstico de la utilizaci\u00f3n que hacen los usuarios, con el fin de introducir mejoras en funci\u00f3n del an\u00e1lisis de los datos de uso que hacen los usuarios de la plataforma o servicio.<\/p>\n<p>\u2022 Cookies de publicidad comportamental: Son aquellas que almacenan informaci\u00f3n del comportamiento de los usuarios obtenida a trav\u00e9s de la observaci\u00f3n continuada de sus h\u00e1bitos de navegaci\u00f3n, lo que permite desarrollar un perfil espec\u00edfico para mostrar publicidad en funci\u00f3n del mismo. Estas cookies permiten la gesti\u00f3n, de la forma m\u00e1s eficaz posible, de los espacios publicitarios que, en su caso, el editor haya incluido directamente o en colaboraci\u00f3n con terceros.<\/p>\n<p><strong>3.&nbsp;<\/strong><b>\u00bfPara qu\u00e9 se utilizan las Cookies en nuestra Plataforma?<\/b><\/p>\n<p>Las Cookies son una parte esencial de c\u00f3mo funciona nuestra Web. El objetivo principal de nuestras Cookies es que tu experiencia de navegaci\u00f3n sea m\u00e1s c\u00f3moda y eficiente. Por ejemplo, son utilizadas para recordar tus preferencias (idioma, pa\u00eds, etc.) durante la navegaci\u00f3n y en futuras visitas. Tambi\u00e9n usamos nuestras Cookies para mejorar nuestros servicios y Plataforma continuamente, as\u00ed como para poder ofrecer publicidad personalizada seg\u00fan tus h\u00e1bitos de navegaci\u00f3n.<span style=\"letter-spacing: 0.2px;\">&nbsp;<\/span><\/p>\n<p>La informaci\u00f3n recogida en las Cookies nos permite, adem\u00e1s, mejorar nuestra Plataforma mediante estimaciones sobre datos estad\u00edsticos y patrones de uso (n\u00famero de visitas, secciones m\u00e1s visitadas, tiempo de visita, etc.), conocer de manera estad\u00edstica c\u00f3mo interact\u00faan los usuarios con la Plataforma con el fin de mejorar nuestros servicios, as\u00ed como para adaptar la Plataforma a tus intereses individuales, la aceleraci\u00f3n de las b\u00fasquedas, etc.<\/p>\n<p>En ocasiones, podremos utilizar Cookies para obtener informaci\u00f3n que nos permita mostrar desde nuestra Plataforma, las plataformas de terceros, o por cualquier otro medio, publicidad basada en el an\u00e1lisis de tus h\u00e1bitos de navegaci\u00f3n (productos visitados, secciones consultadas, etc.).<\/p>\n<p>En todo caso, en las Cookies que utilizamos nunca almacenamos informaci\u00f3n sensible como contrase\u00f1as, datos de tarjeta de cr\u00e9dito o d\u00e9bito, etc.<\/p>\n<p><strong style=\"letter-spacing: 0.2px;\">4.&nbsp;<\/strong><b>\u00bfC\u00f3mo puedo gestionar el uso de Cookies en esta Plataforma?<\/b><\/p>\n<p>En el panel de configuraci\u00f3n de Cookies accesible en todo momento en nuestra Plataforma podr\u00e1s obtener toda la informaci\u00f3n sobre las Cookies utilizadas por esta Plataforma, junto con la informaci\u00f3n sobre el prop\u00f3sito, duraci\u00f3n y gesti\u00f3n (propia o por terceros) de cada una de ellas, para que puedas gestionar la activaci\u00f3n y desactivaci\u00f3n del uso de aquellas Cookies que no son estrictamente necesarias para el funcionamiento de la Plataforma.<\/p>\n<p>Alternativamente, en caso de que est\u00e9s navegando por internet, puedes deshabilitar en tu navegador el uso de Cookies. Te indicamos la manera de realizarlo en los navegadores m\u00e1s populares:<\/p>\n<p><span style=\"letter-spacing: 0.2px;\">&#8211; Internet Explorer<\/span><\/p>\n<p>&#8211; Mozilla Firefox<\/p>\n<p>&#8211; Safari<\/p>\n<p>Esta posibilidad de evitar el uso de Cookies puede ser llevada a cabo en cualquier momento. Por favor, ten en cuenta que tanto tu gesti\u00f3n del panel de configuraci\u00f3n de Cookies, como tu opci\u00f3n de rechazar las Cookies es espec\u00edfica para cada navegador que est\u00e9s utilizando. Por lo tanto, si optas por configurar las Cookies de una forma en un dispositivo y deseas que tu opci\u00f3n se aplique de manera similar a otro dispositivo, deber\u00e1s activar la misma opci\u00f3n para ese otro dispositivo.<\/p>\n<p>Como paso adicional, con respecto a las Cookies de terceros con la finalidad de proporcionar publicidad basada en tus intereses, por favor ten en cuenta que ciertos terceros pueden ser miembros de alguno de los siguientes programas autorreguladores de publicidad comportamental online, con las correspondientes opciones de exclusi\u00f3n voluntaria:<\/p>\n<p>Network Advertising Initiative (NAI) &ndash; http:\/\/www.networkadvertising.org\/choices\/&lt;br&gt;- Google Analytics &ndash; https:\/\/tools.google.com\/dlpage\/gaoptout<\/p>\n<p><strong style=\"letter-spacing: 0.2px;\">5.&nbsp;<\/strong><b>\u00bfQui\u00e9n utiliza la informaci\u00f3n almacenada en las Cookies?<\/b><\/p>\n<p>La informaci\u00f3n almacenada en las Cookies de nuestra Web es utilizada exclusivamente por nosotros, a excepci\u00f3n de aquellas identificadas en la secci\u00f3n 2 como \u00abCookies de terceros\u00bb, que son utilizadas y gestionadas por entidades externas para proporcionarnos servicios dirigidos a mejorar nuestros servicios y la experiencia del usuario al navegar en nuestra Plataforma. M\u00e1s informaci\u00f3n en el panel de configuraci\u00f3n de Cookies accesible en todo momento en nuestra Plataforma.<\/p>\n<p>Para obtener informaci\u00f3n m\u00e1s detallada sobre el tratamiento de tus datos personales en nuestra colaboraci\u00f3n con terceros y aquellos sujetos a transferencias internacionales de datos, te recomendamos que leas nuestra Pol\u00edtica de Privacidad accesible en nuestra Plataforma, y las pol\u00edticas de privacidad\/configuraciones de privacidad de estos terceros colaboradores accesibles a trav\u00e9s de sus plataformas.<\/p>\t\t\t\t\t\t\t\t<\/div>\n\t\t\t\t<\/div>\n\t\t\t\t\t<\/div>\n\t\t\t\t<\/div>\n\t\t\t\t<\/div>","protected":false},"excerpt":{"rendered":"<p>Pol\u00edtica de cookies ANTES DE EMPEZAR\u2026&nbsp; En esta Pol\u00edtica de Cookies encontrar\u00e1s informaci\u00f3n sobre el uso que realizamos de las cookies y dispositivos similares que se instalan en los terminales de nuestros clientes y usuarios. En ocasiones, el uso de cookies puede estar relacionado con el tratamiento de datos personales, por lo que te recomendamos [&hellip;]<\/p>\n","protected":false},"author":2,"featured_media":0,"parent":0,"menu_order":0,"comment_status":"closed","ping_status":"closed","template":"","meta":{"footnotes":""},"class_list":["post-3676","page","type-page","status-publish","hentry"],"_links":{"self":[{"href":"https:\/\/menaki.es\/fr\/wp-json\/wp\/v2\/pages\/3676","targetHints":{"allow":["GET"]}}],"collection":[{"href":"https:\/\/menaki.es\/fr\/wp-json\/wp\/v2\/pages"}],"about":[{"href":"https:\/\/menaki.es\/fr\/wp-json\/wp\/v2\/types\/page"}],"author":[{"embeddable":true,"href":"https:\/\/menaki.es\/fr\/wp-json\/wp\/v2\/users\/2"}],"replies":[{"embeddable":true,"href":"https:\/\/menaki.es\/fr\/wp-json\/wp\/v2\/comments?post=3676"}],"version-history":[{"count":46,"href":"https:\/\/menaki.es\/fr\/wp-json\/wp\/v2\/pages\/3676\/revisions"}],"predecessor-version":[{"id":8103,"href":"https:\/\/menaki.es\/fr\/wp-json\/wp\/v2\/pages\/3676\/revisions\/8103"}],"wp:attachment":[{"href":"https:\/\/menaki.es\/fr\/wp-json\/wp\/v2\/media?parent=3676"}],"curies":[{"name":"wp","href":"https:\/\/api.w.org\/{rel}","templated":true}]}}