{"id":3676,"date":"2025-04-14T17:04:09","date_gmt":"2025-04-14T15:04:09","guid":{"rendered":"https:\/\/menaki.es\/?page_id=3676"},"modified":"2025-04-14T17:08:09","modified_gmt":"2025-04-14T15:08:09","slug":"politica-de-cookies","status":"publish","type":"page","link":"https:\/\/menaki.es\/it\/politica-de-cookies\/","title":{"rendered":"Pol\u00edtica de cookies"},"content":{"rendered":"<div data-elementor-type=\"wp-page\" data-elementor-id=\"3676\" class=\"elementor elementor-3676\" data-elementor-post-type=\"page\">\n\t\t\t\t<div class=\"elementor-element elementor-element-15f59e3 e-flex e-con-boxed e-con e-parent\" data-id=\"15f59e3\" data-element_type=\"container\" data-e-type=\"container\">\n\t\t\t\t\t<div class=\"e-con-inner\">\n\t\t\t\t<div class=\"elementor-element elementor-element-926b50f elementor-widget elementor-widget-heading\" data-id=\"926b50f\" data-element_type=\"widget\" data-e-type=\"widget\" data-widget_type=\"heading.default\">\n\t\t\t\t<div class=\"elementor-widget-container\">\n\t\t\t\t\t<h2 class=\"elementor-heading-title elementor-size-default\">Pol\u00edtica de cookies<\/h2>\t\t\t\t<\/div>\n\t\t\t\t<\/div>\n\t\t\t\t<div class=\"elementor-element elementor-element-8c7ef81 elementor-widget elementor-widget-text-editor\" data-id=\"8c7ef81\" data-element_type=\"widget\" data-e-type=\"widget\" data-widget_type=\"text-editor.default\">\n\t\t\t\t<div class=\"elementor-widget-container\">\n\t\t\t\t\t\t\t\t\t<p><strong>ANTES DE EMPEZAR\u2026\u00a0<\/strong><\/p><p>En esta Pol\u00ed,ca de Cookies encontrar\u00e1s informaci\u00f3n sobre el uso que realizamos de las cookies y\u00a0 disposi,vos similares que se instalan en los terminales de nuestros clientes y usuarios. En ocasiones, el\u00a0 uso de cookies puede estar relacionado con el tratamiento de datos personales, por lo que te\u00a0 recomendamos que consultes nuestra Pol\u00ed,ca de Privacidad, accesible en nuestra Plataforma, si deseas\u00a0 informaci\u00f3n sobre c\u00f3mo usamos los datos personales de nuestros clientes y usuarios, c\u00f3mo ejercitar tus\u00a0 derechos, o la terminolog\u00eda que u,lizamos para referirnos a nuestra Web.\u00a0<\/p><p><strong>INFORMACI\u00d3N SOBRE COOKIES\u00a0<\/strong><\/p><p><strong>1.\u00a0<\/strong><strong>\u00bfQu\u00e9 es una Cookie?<\/strong><strong>\u00a0<\/strong><\/p><p>Una Cookie es un peque\u00f1o fichero de texto que un si,o web, app u otra plataforma almacena en tu\u00a0 ordenador, tableta, tel\u00e9fono inteligente o cualquier otro disposi,vo similar, con informaci\u00f3n sobre tu\u00a0 navegaci\u00f3n o uso, como una e,queta que iden,fica tu disposi,vo. Las Cookies son necesarias por\u00a0 ejemplo para facilitar la navegaci\u00f3n y conocer la manera en que interact\u00faan los usuarios con las\u00a0 plataformas, de manera que puedan ser mejoradas. Tambi\u00e9n son muy \u00fa,les para poder ofrecer\u00a0 publicidad seg\u00fan las preferencias del usuario, as\u00ed como para otras finalidades que se detallan m\u00e1s\u00a0 adelante. Las Cookies no da\u00f1an tu ordenador o disposi,vo.\u00a0<\/p><p>Cuando hablamos de \u00abCookies\u00bb tambi\u00e9n nos referimos a otras tecnolog\u00edas similares de instalaci\u00f3n y\/o\u00a0 recogida de informaci\u00f3n en o sobre tu disposi,vo (tales como flash cookies, web beacons o bugs, pixels,\u00a0 HTML5 (de almacenamiento local), y tecnolog\u00edas SDK para formatos app. Asimismo, el t\u00e9rmino \u201cCookies\u201d\u00a0 tambi\u00e9n resulta de aplicaci\u00f3n al uso de t\u00e9cnicas de fingerprin,ng, es decir, aquellas t\u00e9cnicas de\u00a0 combinaci\u00f3n de informaci\u00f3n que nos ayudan a iden,ficar tu disposi,vo. En ocasiones, estas tecnolog\u00edas\u00a0 funcionan de manera conjunta con cookies para recopilar y almacenar informaci\u00f3n, bien para\u00a0 proporcionarte ciertas funcionalidades o servicios en nuestra Plataforma, o bien para mostrarte\u00a0 publicidad en las plataformas de terceros, teniendo en cuenta tu navegaci\u00f3n.\u00a0<\/p><p>Esta explicaci\u00f3n es una muestra general de lo que se en,ende por Cookies a meros efectos informa,vos.\u00a0 Las Cookies que u,lizamos de manera espec\u00edfica se detallan en el panel de configuraci\u00f3n de cookies\u00a0 accesible en nuestra Plataforma.\u00a0<\/p><p><strong>2.\u00a0<\/strong><strong>\u00bfQu\u00e9 Epos de Cookies existen?<\/strong><strong>\u00a0<\/strong><\/p><p>Por favor, revisa esta secci\u00f3n que proporciona una visi\u00f3n general de la ,polog\u00eda de Cookies que se\u00a0 pueden u,lizar en un entorno online.\u00a0<\/p><p>En funci\u00f3n del propietario de las Cookies, pueden clasificarse en:\u00a0<\/p><p>\u2022 Cookies propias: Son aquellas que se env\u00edan al ordenador o disposi,vo del usuario desde un\u00a0 equipo o dominio ges,onado por el propio editor, y desde el que se ofrece la plataforma o el\u00a0 servicio solicitado por el usuario.\u00a0<\/p><p>\u2022 Cookies de tercero: Son aquellas que se env\u00edan al ordenador o disposi,vo del usuario desde un\u00a0 equipo o dominio que no es ges,onado por el editor, sino por otra en,dad que trata los datos\u00a0 obtenidos a trav\u00e9s de las cookies.\u00a0<\/p><p>En funci\u00f3n de la finalidad de la Cookie, pueden clasificarse en:\u00a0<\/p><p>\u2022 Cookies estrictamente necesarias (t\u00e9cnicas): Son aquellas que permiten al usuario la navegaci\u00f3n a\u00a0 trav\u00e9s de una p\u00e1gina web, plataforma o aplicaci\u00f3n y la u,lizaci\u00f3n de las diferentes opciones o\u00a0 servicios que en ellas existan como, por ejemplo, controlar el tr\u00e1fico, iden,ficar datos o la sesi\u00f3n,\u00a0 acceder a secciones o contenidos de acceso restringido, recordar los elementos que integran un\u00a0<\/p><p>pedido, realizar el proceso de compra de un pedido, ges,onar el pago, controlar el fraude\u00a0 vinculador a la seguridad del servicio, u,lizar elementos de seguridad durante la navegaci\u00f3n,\u00a0 realizar la solicitud de inscripci\u00f3n o par,cipaci\u00f3n en un evento, almacenar contenidos para la\u00a0 difusi\u00f3n de videos o sonido, habilitar contenidos din\u00e1micos (por ejemplo, animaci\u00f3n de carga de\u00a0 un texto o imagen) o compar,r contenidos a trav\u00e9s de redes sociales. Las cookies t\u00e9cnicas, al ser\u00a0 estrictamente necesarias, se descargan por defecto cuando permitan mostrar la plataforma o\u00a0 prestar el servicio solicitado por el usuario.\u00a0<\/p><p>\u2022 Cookies de funcionalidad o personalizaci\u00f3n: Estas cookies son aquellas que permiten recordar\u00a0 informaci\u00f3n para que el usuario acceda al servicio o plataforma con determinadas caracter\u00eds,cas\u00a0 que pueden diferenciar su experiencia de la de otros usuarios, como, por ejemplo, el idioma, el\u00a0 n\u00famero de resultados a mostrar cuando el usuario realiza una b\u00fasqueda, el aspecto o contenido\u00a0 del servicio en funci\u00f3n del ,po de navegador usado por el usuario o de la regi\u00f3n desde la que\u00a0 accede al servicio, etc. El no aceptar estas Cookies puede generar un rendimiento lento de la\u00a0 p\u00e1gina web o recomendaciones mal adaptadas.\u00a0<\/p><p>\u2022 Cookies de an\u00e1lisis: Son aquellas que permiten cuan,ficar el n\u00famero de usuarios, las secciones\u00a0 visitadas en la plataforma y c\u00f3mo interact\u00faan con la misma, para as\u00ed realizar la medici\u00f3n y an\u00e1lisis\u00a0 estad\u00eds,co de la u,lizaci\u00f3n que hacen los usuarios, con el fin de introducir mejoras en funci\u00f3n del\u00a0 an\u00e1lisis de los datos de uso que hacen los usuarios de la plataforma o servicio.\u00a0<\/p><p>\u2022 Cookies de publicidad comportamental: Son aquellas que almacenan informaci\u00f3n del\u00a0 comportamiento de los usuarios obtenida a trav\u00e9s de la observaci\u00f3n con,nuada de sus h\u00e1bitos\u00a0 de navegaci\u00f3n, lo que permite desarrollar un perfil espec\u00edfico para mostrar publicidad en funci\u00f3n\u00a0 del mismo. Estas cookies permiten la ges,\u00f3n, de la forma m\u00e1s eficaz posible, de los espacios\u00a0 publicitarios que, en su caso, el editor haya incluido directamente o en colaboraci\u00f3n con terceros.\u00a0<\/p><p><strong>3.\u00a0<\/strong><strong>\u00bfPara qu\u00e9 se uElizan las Cookies en nuestra Plataforma?<\/strong><strong>\u00a0<\/strong><\/p><p>Las Cookies son una parte esencial de c\u00f3mo funciona nuestra Web. El obje,vo principal de nuestras\u00a0 Cookies es que tu experiencia de navegaci\u00f3n sea m\u00e1s c\u00f3moda y eficiente. Por ejemplo, son u,lizadas\u00a0 para recordar tus preferencias (idioma, pa\u00eds, etc.) durante la navegaci\u00f3n y en futuras visitas. Tambi\u00e9n\u00a0\u00a0<\/p><p>usamos nuestras Cookies para mejorar nuestros servicios y Plataforma con,nuamente, as\u00ed como para\u00a0 poder ofrecer publicidad personalizada seg\u00fan tus h\u00e1bitos de navegaci\u00f3n.\u00a0<\/p><p>La informaci\u00f3n recogida en las Cookies nos permite, adem\u00e1s, mejorar nuestra Plataforma mediante\u00a0 es,maciones sobre datos estad\u00eds,cos y patrones de uso (n\u00famero de visitas, secciones m\u00e1s visitadas,\u00a0 ,empo de visita, etc.), conocer de manera estad\u00eds,ca c\u00f3mo interact\u00faan los usuarios con la Plataforma\u00a0 con el fin de mejorar nuestros servicios, as\u00ed como para adaptar la Plataforma a tus intereses individuales,\u00a0 la aceleraci\u00f3n de las b\u00fasquedas, etc.\u00a0<\/p><p>En ocasiones, podremos u,lizar Cookies para obtener informaci\u00f3n que nos permita mostrar desde\u00a0 nuestra Plataforma, las plataformas de terceros, o por cualquier otro medio, publicidad basada en el\u00a0 an\u00e1lisis de tus h\u00e1bitos de navegaci\u00f3n (productos visitados, secciones consultadas, etc.).\u00a0<\/p><p>En todo caso, en las Cookies que u,lizamos nosotros nunca almacenamos informaci\u00f3n sensible como\u00a0 contrase\u00f1as, datos de tarjeta de cr\u00e9dito o d\u00e9bito, etc.\u00a0<\/p><p><strong>4.\u00a0<\/strong><strong>\u00bfC\u00f3mo puedo gesEonar el uso de Cookies en esta Plataforma?<\/strong><strong>\u00a0<\/strong><\/p><p>En el panel de configuraci\u00f3n de Cookies accesible en todo momento en nuestra Plataforma podr\u00e1s\u00a0 obtener toda la informaci\u00f3n sobre las Cookies u,lizadas por esta Plataforma, junto con la informaci\u00f3n\u00a0 sobre el prop\u00f3sito, duraci\u00f3n y ges,\u00f3n (propia o por terceros) de cada una de ellas, para que puedas\u00a0 ges,onar la ac,vaci\u00f3n y desac,vaci\u00f3n del uso de aquellas Cookies que no son estrictamente necesarias\u00a0 para el funcionamiento de la Plataforma.\u00a0<\/p><p>Alterna,vamente, en caso de que est\u00e9s navegando por internet, puedes deshabilitar en tu navegador el\u00a0 uso de Cookies. Te indicamos la manera de realizarlo en los navegadores m\u00e1s populares: o Google Chrome\u00a0<\/p><p>o Internet Explorer<\/p><p>o Mozilla Firefox\u00a0<\/p><p>o Safari\u00a0<\/p><p>Esta posibilidad de evitar el uso de Cookies puede ser llevada a cabo en cualquier momento. Por favor, ten en cuenta que tanto tu ges,\u00f3n del panel de configuraci\u00f3n de Cookies, como tu opci\u00f3n de\u00a0 rechazar las Cookies es espec\u00edfica para cada navegador que est\u00e9s u,lizando. Por lo tanto, si optas por\u00a0 configurar las Cookies de una forma en un disposi,vo y deseas que tu opci\u00f3n se aplique de manera\u00a0 similar a otro disposi,vo, deber\u00e1s ac,var la misma opci\u00f3n para ese otro disposi,vo.\u00a0<\/p><p>Como paso adicional, con respecto a las Cookies de terceros con la finalidad de proporcionar publicidad\u00a0 basada en tus intereses, por favor ten en cuenta que ciertos terceros pueden ser miembros de alguno de\u00a0 los siguientes programas autorreguladores de publicidad comportamental online, con las\u00a0 correspondientes opciones de exclusi\u00f3n voluntaria:\u00a0<\/p><p>o Network Adver,sing Ini,a,ve (NAI) \u2013 hap:\/\/www.networkadver,sing.org\/choices\/ o Google Analy,cs \u2013 haps:\/\/tools.google.com\/dlpage\/gaoptout\u00a0<\/p><p><strong>5.\u00a0<\/strong><strong>\u00bfQui\u00e9n uEliza la informaci\u00f3n almacenada en las Cookies?<\/strong><strong>\u00a0<\/strong><\/p><p>La informaci\u00f3n almacenada en las Cookies de nuestra Web es u,lizada exclusivamente por nosotros, a\u00a0 excepci\u00f3n de aquellas iden,ficadas en la secci\u00f3n 2 como \u201cCookies de terceros\u201d, que son u,lizadas y\u00a0 ges,onadas por en,dades externas para proporcionarnos servicios dirigidos a mejorar nuestros servicios\u00a0 y la experiencia del usuario al navegar en nuestra Plataforma. M\u00e1s informaci\u00f3n en el panel de\u00a0 configuraci\u00f3n de Cookies accesible en todo momento en nuestra Plataforma.\u00a0<\/p><p>Para obtener informaci\u00f3n m\u00e1s detallada sobre el tratamiento de tus datos personales en nuestra\u00a0 colaboraci\u00f3n con terceros y aquellos sujetos a transferencias internacionales de datos, te\u00a0 recomendamos que leas nuestra Pol\u00ed,ca de Privacidad accesible en nuestra Plataforma, y las pol\u00ed,cas de\u00a0 privacidad \/ configuraciones de privacidad de estos terceros colaboradores accesibles a trav\u00e9s de sus\u00a0 plataformas.<\/p>\t\t\t\t\t\t\t\t<\/div>\n\t\t\t\t<\/div>\n\t\t\t\t\t<\/div>\n\t\t\t\t<\/div>\n\t\t\t\t<\/div>","protected":false},"excerpt":{"rendered":"<p>Pol\u00edtica de cookies ANTES DE EMPEZAR\u2026\u00a0 En esta Pol\u00ed,ca de Cookies encontrar\u00e1s informaci\u00f3n sobre el uso que realizamos de las cookies y\u00a0 disposi,vos similares que se instalan en los terminales de nuestros clientes y usuarios. En ocasiones, el\u00a0 uso de cookies puede estar relacionado con el tratamiento de datos personales, por lo que te\u00a0 recomendamos [&hellip;]<\/p>\n","protected":false},"author":2,"featured_media":0,"parent":0,"menu_order":0,"comment_status":"closed","ping_status":"closed","template":"","meta":{"footnotes":""},"class_list":["post-3676","page","type-page","status-publish","hentry"],"_links":{"self":[{"href":"https:\/\/menaki.es\/it\/wp-json\/wp\/v2\/pages\/3676","targetHints":{"allow":["GET"]}}],"collection":[{"href":"https:\/\/menaki.es\/it\/wp-json\/wp\/v2\/pages"}],"about":[{"href":"https:\/\/menaki.es\/it\/wp-json\/wp\/v2\/types\/page"}],"author":[{"embeddable":true,"href":"https:\/\/menaki.es\/it\/wp-json\/wp\/v2\/users\/2"}],"replies":[{"embeddable":true,"href":"https:\/\/menaki.es\/it\/wp-json\/wp\/v2\/comments?post=3676"}],"version-history":[{"count":4,"href":"https:\/\/menaki.es\/it\/wp-json\/wp\/v2\/pages\/3676\/revisions"}],"predecessor-version":[{"id":3683,"href":"https:\/\/menaki.es\/it\/wp-json\/wp\/v2\/pages\/3676\/revisions\/3683"}],"wp:attachment":[{"href":"https:\/\/menaki.es\/it\/wp-json\/wp\/v2\/media?parent=3676"}],"curies":[{"name":"wp","href":"https:\/\/api.w.org\/{rel}","templated":true}]}}