{"id":3676,"date":"2025-04-14T17:04:09","date_gmt":"2025-04-14T15:04:09","guid":{"rendered":"https:\/\/menaki.es\/?page_id=3676"},"modified":"2026-04-07T15:59:59","modified_gmt":"2026-04-07T13:59:59","slug":"politica-de-cookies","status":"publish","type":"page","link":"https:\/\/menaki.es\/pt\/politica-de-cookies\/","title":{"rendered":"Pol\u00edtica de cookies"},"content":{"rendered":"<div data-elementor-type=\"wp-page\" data-elementor-id=\"3676\" class=\"elementor elementor-3676\" data-elementor-post-type=\"page\">\n\t\t\t\t<div class=\"elementor-element elementor-element-15f59e3 e-flex e-con-boxed e-con e-parent\" data-id=\"15f59e3\" data-element_type=\"container\" data-e-type=\"container\">\n\t\t\t\t\t<div class=\"e-con-inner\">\n\t\t\t\t<div class=\"elementor-element elementor-element-926b50f elementor-widget elementor-widget-heading\" data-id=\"926b50f\" data-element_type=\"widget\" data-e-type=\"widget\" data-widget_type=\"heading.default\">\n\t\t\t\t<div class=\"elementor-widget-container\">\n\t\t\t\t\t<h2 class=\"elementor-heading-title elementor-size-default\">Pol\u00edtica de cookies<\/h2>\t\t\t\t<\/div>\n\t\t\t\t<\/div>\n\t\t\t\t<div class=\"elementor-element elementor-element-8c7ef81 elementor-widget elementor-widget-text-editor\" data-id=\"8c7ef81\" data-element_type=\"widget\" data-e-type=\"widget\" data-widget_type=\"text-editor.default\">\n\t\t\t\t<div class=\"elementor-widget-container\">\n\t\t\t\t\t\t\t\t\t<p><strong>ANTES DE COME\u00c7AR...&nbsp;<\/strong><\/p>\n<p>Nesta Pol\u00edtica de Cookies encontrar\u00e1 informa\u00e7\u00f5es sobre o uso que fazemos dos cookies e dispositivos similares que s\u00e3o instalados nos terminais dos nossos clientes e utilizadores. Por vezes, o uso de cookies pode estar relacionado com o tratamento de dados pessoais, pelo que recomendamos que consulte a nossa Pol\u00edtica de Privacidade, acess\u00edvel na nossa Plataforma, se desejar informa\u00e7\u00f5es sobre como usamos os dados pessoais dos nossos clientes e utilizadores, como exercer os seus direitos, ou a terminologia que utilizamos para nos referirmos ao nosso Website.<\/p>\n<p><strong><strong>INFORMA\u00c7\u00c3O SOBRE COOKIES<\/strong>&nbsp;<\/strong><\/p>\n<p><strong>1.&nbsp;<\/strong><strong>O que \u00e9 um Cookie?<\/strong><strong>&nbsp;<\/strong><\/p>\n<p>Um Cookie \u00e9 um pequeno ficheiro de texto que um website, app ou outra plataforma armazena no seu computador, tablet, smartphone ou qualquer outro dispositivo similar, com informa\u00e7\u00f5es sobre a sua navega\u00e7\u00e3o ou utiliza\u00e7\u00e3o, como uma etiqueta que identifica o seu dispositivo. Os Cookies s\u00e3o necess\u00e1rios, por exemplo, para facilitar a navega\u00e7\u00e3o e conhecer a forma como os utilizadores interagem com as plataformas, de modo a que possam ser melhoradas. S\u00e3o tamb\u00e9m muito \u00fateis para poder oferecer publicidade de acordo com as prefer\u00eancias do utilizador, bem como para outras finalidades que se detalham mais adiante. Os Cookies n\u00e3o danificam o seu computador ou dispositivo.<\/p>\n<p>Cuando hablamos de \u00abCookies\u00bb tambi\u00e9n nos referimos a otras tecnolog\u00edas similares de instalaci\u00f3n y\/o&nbsp; recogida de informaci\u00f3n en o sobre tu dispositivo (tales como flash cookies, web beacons o bugs, pixels,&nbsp; HTML5 (de almacenamiento local), y tecnolog\u00edas SDK para formatos app. Asimismo, el t\u00e9rmino \u201cCookies\u201d&nbsp; tambi\u00e9n resulta de aplicaci\u00f3n al uso de t\u00e9cnicas de fingerprin,ng, es decir, aquellas t\u00e9cnicas de&nbsp; combinaci\u00f3n de informaci\u00f3n que nos ayudan a iden,ficar tu disposi,vo. En ocasiones, estas tecnolog\u00edas&nbsp; funcionan de manera conjunta con cookies para recopilar y almacenar informaci\u00f3n, bien para&nbsp; proporcionarte ciertas funcionalidades o servicios en nuestra Plataforma, o bien para mostrarte&nbsp; publicidad en las plataformas de terceros, teniendo en cuenta tu navegaci\u00f3n.<\/p>\n<p>Esta explicaci\u00f3n es una muestra general de lo que se en,ende por Cookies a meros efectos informa,vos.&nbsp; Las Cookies que u,lizamos de manera espec\u00edfica se detallan en el panel de configuraci\u00f3n de cookies&nbsp; accesible en nuestra Plataforma.<\/p>\n<p><strong>2.&nbsp;<\/strong><strong>Que tipos de Cookies existem?<\/strong><strong>&nbsp;<\/strong><\/p>\n<p>Por favor, reveja esta sec\u00e7\u00e3o que fornece uma vis\u00e3o geral da tipologia de Cookies que podem ser utilizados num ambiente online.<\/p>\n<p><span style=\"letter-spacing: 0.2px;\">Em fun\u00e7\u00e3o do propriet\u00e1rio dos Cookies, podem classificar-se em:&nbsp;<\/span><\/p>\n<p>\u2022 Cookies pr\u00f3prios: S\u00e3o aqueles que s\u00e3o enviados para o computador ou dispositivo do utilizador a partir de um equipamento ou dom\u00ednio gerido pelo pr\u00f3prio editor, e a partir do qual \u00e9 oferecida a plataforma ou o servi\u00e7o solicitado pelo utilizador.<\/p>\n<p>\u2022 Cookies de terceiros: S\u00e3o aqueles que s\u00e3o enviados para o computador ou dispositivo do utilizador a partir de um equipamento ou dom\u00ednio que n\u00e3o \u00e9 gerido pelo editor, mas por outra entidade que trata os dados obtidos atrav\u00e9s dos cookies.<\/p>\n<p>Em fun\u00e7\u00e3o da finalidade do Cookie, podem classificar-se em:<\/p>\n<p>\u2022 Cookies estritamente necess\u00e1rios (t\u00e9cnicos): S\u00e3o aqueles que permitem ao utilizador a navega\u00e7\u00e3o atrav\u00e9s de um website, plataforma ou aplica\u00e7\u00e3o e a utiliza\u00e7\u00e3o das diferentes op\u00e7\u00f5es ou servi\u00e7os que neles existam como, por exemplo, controlar o tr\u00e1fego, identificar dados ou a sess\u00e3o, aceder a sec\u00e7\u00f5es ou conte\u00fados de acesso restrito, recordar os elementos que integram um pedido, realizar o processo de compra de um pedido, gerir o pagamento, controlar a fraude vinculada \u00e0 seguran\u00e7a do servi\u00e7o, utilizar elementos de seguran\u00e7a durante a navega\u00e7\u00e3o, realizar o pedido de inscri\u00e7\u00e3o ou participa\u00e7\u00e3o num evento, armazenar conte\u00fados para a difus\u00e3o de v\u00eddeos ou som, habilitar conte\u00fados din\u00e2micos (por exemplo, anima\u00e7\u00e3o de carregamento de um texto ou imagem) ou partilhar conte\u00fados atrav\u00e9s de redes sociais. Os cookies t\u00e9cnicos, por serem estritamente necess\u00e1rios, s\u00e3o descarregados por defeito quando permitem mostrar a plataforma ou prestar o servi\u00e7o solicitado pelo utilizador.<\/p>\n<p>\u2022 Cookies de funcionalidade ou personaliza\u00e7\u00e3o: Estes cookies permitem recordar informa\u00e7\u00f5es para que o utilizador aceda ao servi\u00e7o ou plataforma com determinadas caracter\u00edsticas que podem diferenciar a sua experi\u00eancia da de outros utilizadores, como, por exemplo, o idioma, o n\u00famero de resultados a apresentar quando o utilizador realiza uma pesquisa, o aspeto ou conte\u00fado do servi\u00e7o em fun\u00e7\u00e3o do tipo de navegador utilizado pelo utilizador ou da regi\u00e3o a partir da qual acede ao servi\u00e7o, etc. N\u00e3o aceitar estes Cookies pode gerar um desempenho lento da p\u00e1gina web ou recomenda\u00e7\u00f5es mal adaptadas.<\/p>\n<p>\u2022 Cookies de an\u00e1lise: S\u00e3o aqueles que permitem quantificar o n\u00famero de utilizadores, as sec\u00e7\u00f5es visitadas na plataforma e como interagem com a mesma, de forma a realizar a medi\u00e7\u00e3o e an\u00e1lise estat\u00edstica da utiliza\u00e7\u00e3o que os utilizadores fazem, com o objetivo de introduzir melhorias em fun\u00e7\u00e3o da an\u00e1lise dos dados de utiliza\u00e7\u00e3o que os utilizadores fazem da plataforma ou servi\u00e7o.<\/p>\n<p>\u2022 Cookies de publicidade comportamental: S\u00e3o aqueles que armazenam informa\u00e7\u00f5es sobre o comportamento dos utilizadores obtidas atrav\u00e9s da observa\u00e7\u00e3o continuada dos seus h\u00e1bitos de navega\u00e7\u00e3o, o que permite desenvolver um perfil espec\u00edfico para mostrar publicidade em fun\u00e7\u00e3o do mesmo. Estes cookies permitem a gest\u00e3o, da forma mais eficaz poss\u00edvel, dos espa\u00e7os publicit\u00e1rios que, se for caso disso, o editor tenha inclu\u00eddo diretamente ou em colabora\u00e7\u00e3o com terceiros.<\/p>\n<p><strong>3.&nbsp;<\/strong><b>Para que s\u00e3o utilizados os Cookies na nossa Plataforma?<\/b><\/p>\n<p>Os Cookies s\u00e3o uma parte essencial do funcionamento do nosso Website. O objetivo principal dos nossos Cookies \u00e9 tornar a sua experi\u00eancia de navega\u00e7\u00e3o mais c\u00f3moda e eficiente. Por exemplo, s\u00e3o utilizados para recordar as suas prefer\u00eancias (idioma, pa\u00eds, etc.) durante a navega\u00e7\u00e3o e em visitas futuras. Tamb\u00e9m usamos os nossos Cookies para melhorar continuamente os nossos servi\u00e7os e Plataforma, bem como para poder oferecer publicidade personalizada de acordo com os seus h\u00e1bitos de navega\u00e7\u00e3o.<span style=\"letter-spacing: 0.2px;\">&nbsp;<\/span><\/p>\n<p>A informa\u00e7\u00e3o recolhida nos Cookies permite-nos ainda melhorar a nossa Plataforma atrav\u00e9s de estimativas sobre dados estat\u00edsticos e padr\u00f5es de utiliza\u00e7\u00e3o (n\u00famero de visitas, sec\u00e7\u00f5es mais visitadas, tempo de visita, etc.), conhecer de forma estat\u00edstica como os utilizadores interagem com a Plataforma com o objetivo de melhorar os nossos servi\u00e7os, bem como para adaptar a Plataforma aos seus interesses individuais, a acelera\u00e7\u00e3o das pesquisas, etc.<\/p>\n<p>Por vezes, poderemos utilizar Cookies para obter informa\u00e7\u00f5es que nos permitam mostrar a partir da nossa Plataforma, das plataformas de terceiros, ou por qualquer outro meio, publicidade baseada na an\u00e1lise dos seus h\u00e1bitos de navega\u00e7\u00e3o (produtos visitados, sec\u00e7\u00f5es consultadas, etc.).<\/p>\n<p>Em todo o caso, nos Cookies que utilizamos nunca armazenamos informa\u00e7\u00f5es sens\u00edveis como palavras-passe, dados de cart\u00e3o de cr\u00e9dito ou d\u00e9bito, etc.<\/p>\n<p><strong style=\"letter-spacing: 0.2px;\">4.&nbsp;<\/strong><b>Como posso gerir o uso de Cookies nesta Plataforma?<\/b><\/p>\n<p>No painel de configura\u00e7\u00e3o de Cookies acess\u00edvel em todo o momento na nossa Plataforma poder\u00e1 obter toda a informa\u00e7\u00e3o sobre os Cookies utilizados por esta Plataforma, juntamente com a informa\u00e7\u00e3o sobre o prop\u00f3sito, dura\u00e7\u00e3o e gest\u00e3o (pr\u00f3pria ou por terceiros) de cada um deles, para que possa gerir a ativa\u00e7\u00e3o e desativa\u00e7\u00e3o do uso daqueles Cookies que n\u00e3o s\u00e3o estritamente necess\u00e1rios para o funcionamento da Plataforma.<\/p>\n<p>Alternativamente, caso esteja a navegar na internet, pode desativar no seu navegador o uso de Cookies. Indicamos a seguir a forma de o fazer nos navegadores mais populares:<\/p>\n<p><span style=\"letter-spacing: 0.2px;\">&#8211; Internet Explorer<\/span><\/p>\n<p>&#8211; Mozilla Firefox<\/p>\n<p>&#8211; Safari<\/p>\n<p>Esta possibilidade de evitar o uso de Cookies pode ser realizada em qualquer momento. Por favor, tenha em conta que tanto a sua gest\u00e3o do painel de configura\u00e7\u00e3o de Cookies, como a sua op\u00e7\u00e3o de rejeitar os Cookies \u00e9 espec\u00edfica para cada navegador que esteja a utilizar. Portanto, se optar por configurar os Cookies de uma forma num dispositivo e desejar que a sua op\u00e7\u00e3o se aplique de forma semelhante a outro dispositivo, dever\u00e1 ativar a mesma op\u00e7\u00e3o para esse outro dispositivo.<\/p>\n<p>Como passo adicional, no que diz respeito aos Cookies de terceiros com a finalidade de fornecer publicidade baseada nos seus interesses, por favor tenha em conta que certos terceiros podem ser membros de algum dos seguintes programas de autorregula\u00e7\u00e3o de publicidade comportamental online, com as correspondentes op\u00e7\u00f5es de exclus\u00e3o volunt\u00e1ria:<\/p>\n<p>Network Advertising Initiative (NAI) &ndash; http:\/\/www.networkadvertising.org\/choices\/&lt;br&gt;- Google Analytics &ndash; https:\/\/tools.google.com\/dlpage\/gaoptout<\/p>\n<p><strong style=\"letter-spacing: 0.2px;\">5.&nbsp;<\/strong><b>Quem utiliza a informa\u00e7\u00e3o armazenada nos Cookies?<\/b><\/p>\n<p>A informa\u00e7\u00e3o armazenada nos Cookies do nosso Website \u00e9 utilizada exclusivamente por n\u00f3s, com exce\u00e7\u00e3o daqueles identificados na sec\u00e7\u00e3o 2 como \"Cookies de terceiros\", que s\u00e3o utilizados e geridos por entidades externas para nos fornecerem servi\u00e7os destinados a melhorar os nossos servi\u00e7os e a experi\u00eancia do utilizador ao navegar na nossa Plataforma. Mais informa\u00e7\u00f5es no painel de configura\u00e7\u00e3o de Cookies acess\u00edvel em todo o momento na nossa Plataforma.<\/p>\n<p>Para obter informa\u00e7\u00f5es mais detalhadas sobre o tratamento dos seus dados pessoais na nossa colabora\u00e7\u00e3o com terceiros e aqueles sujeitos a transfer\u00eancias internacionais de dados, recomendamos que leia a nossa Pol\u00edtica de Privacidade acess\u00edvel na nossa Plataforma, e as pol\u00edticas de privacidade\/configura\u00e7\u00f5es de privacidade destes terceiros colaboradores acess\u00edveis atrav\u00e9s das suas plataformas.<\/p>\t\t\t\t\t\t\t\t<\/div>\n\t\t\t\t<\/div>\n\t\t\t\t\t<\/div>\n\t\t\t\t<\/div>\n\t\t\t\t<\/div>","protected":false},"excerpt":{"rendered":"<p>Pol\u00edtica de cookies ANTES DE EMPEZAR\u2026&nbsp; En esta Pol\u00edtica de Cookies encontrar\u00e1s informaci\u00f3n sobre el uso que realizamos de las cookies y dispositivos similares que se instalan en los terminales de nuestros clientes y usuarios. En ocasiones, el uso de cookies puede estar relacionado con el tratamiento de datos personales, por lo que te recomendamos [&hellip;]<\/p>\n","protected":false},"author":2,"featured_media":0,"parent":0,"menu_order":0,"comment_status":"closed","ping_status":"closed","template":"","meta":{"footnotes":""},"class_list":["post-3676","page","type-page","status-publish","hentry"],"_links":{"self":[{"href":"https:\/\/menaki.es\/pt\/wp-json\/wp\/v2\/pages\/3676","targetHints":{"allow":["GET"]}}],"collection":[{"href":"https:\/\/menaki.es\/pt\/wp-json\/wp\/v2\/pages"}],"about":[{"href":"https:\/\/menaki.es\/pt\/wp-json\/wp\/v2\/types\/page"}],"author":[{"embeddable":true,"href":"https:\/\/menaki.es\/pt\/wp-json\/wp\/v2\/users\/2"}],"replies":[{"embeddable":true,"href":"https:\/\/menaki.es\/pt\/wp-json\/wp\/v2\/comments?post=3676"}],"version-history":[{"count":46,"href":"https:\/\/menaki.es\/pt\/wp-json\/wp\/v2\/pages\/3676\/revisions"}],"predecessor-version":[{"id":8103,"href":"https:\/\/menaki.es\/pt\/wp-json\/wp\/v2\/pages\/3676\/revisions\/8103"}],"wp:attachment":[{"href":"https:\/\/menaki.es\/pt\/wp-json\/wp\/v2\/media?parent=3676"}],"curies":[{"name":"wp","href":"https:\/\/api.w.org\/{rel}","templated":true}]}}