{"id":393,"date":"2024-10-16T16:58:23","date_gmt":"2024-10-16T14:58:23","guid":{"rendered":"https:\/\/menaki.es\/?post_type=product&#038;p=393"},"modified":"2026-04-07T10:40:54","modified_gmt":"2026-04-07T08:40:54","slug":"pack-cocina","status":"publish","type":"product","link":"https:\/\/menaki.es\/pt\/producto\/pack-cocina\/","title":{"rendered":"PACK DE COZINHA"},"content":{"rendered":"<div id=\"product-description_pc\" style=\"flex-direction: row; width: 100%; justify-content: space-between;\">\n<div class=\"product-description-column first-product-column\" style=\"width: fit-content; margin-right: auto;\">\n<p class=\"product-item-p\" style=\"margin: 5px 0;\">2 Ch\u00e1venas<\/p>\n<p class=\"product-item-p\" style=\"margin: 5px 0;\">2 Copos de vidro<\/p>\n<p class=\"product-item-p\" style=\"margin: 5px 0;\">2 Pratos rasos<\/p>\n<p class=\"product-item-p\" style=\"margin: 5px 0;\">2 Pratos fundos<\/p>\n<p class=\"product-item-p\" style=\"margin: 5px 0;\">2 Pratos de sobremesa<\/p>\n<\/div>\n<div class=\"product-description-column middle-product-column\" style=\"width: fit-content; margin: 0 auto;\">\n<p class=\"product-item-p\" style=\"margin: 5px 0;\">2 Colheres de sopa<\/p>\n<p class=\"product-item-p\" style=\"margin: 5px 0;\">2 Garfos<\/p>\n<p class=\"product-item-p\" style=\"margin: 5px 0;\">2 Colheres de sobremesa<\/p>\n<p class=\"product-item-p\" style=\"margin: 5px 0;\">2 Facas<\/p>\n<p class=\"product-item-p\" style=\"margin: 5px 0;\">2 Tigelas<\/p>\n<\/div>\n<div class=\"product-description-column middle-product-column\" style=\"width: fit-content; margin: 0 auto;\">\n<p class=\"product-item-p\" style=\"margin: 5px 0;\">1 Coador<\/p>\n<p class=\"product-item-p\" style=\"margin: 5px 0;\">1 Frigideira 22cm<\/p>\n<p class=\"product-item-p\" style=\"margin: 5px 0;\">1 Panela 22cm<\/p>\n<p class=\"product-item-p\" style=\"margin: 5px 0;\">2 Panos de cozinha<\/p>\n<p class=\"product-item-p\" style=\"margin: 5px 0;\">1 Esp\u00e1tula<\/p>\n<\/div>\n<div class=\"product-description-column middle-product-column\" style=\"width: fit-content; margin: 0;\">\n<p class=\"product-item-p\" style=\"margin: 5px 0;\">1 Set 3 recipientes<\/p>\n<p class=\"product-item-p\" style=\"margin: 5px 0;\">1 Pegador de massa<\/p>\n<p class=\"product-item-p\" style=\"margin: 5px 0;\">1 Escumadeira<\/p>\n<p class=\"product-item-p\" style=\"margin: 5px 0;\">1 T\u00e1bua de cortar<\/p>\n<p class=\"product-item-p\" style=\"margin: 5px 0;\">1 Concha<\/p>\n<\/div>\n<div class=\"product-description-column last-product-column\" style=\"width: fit-content; margin-left: auto;\">\n<p class=\"product-item-p\" style=\"margin: 5px 0;\">1 Faca de chef<\/p>\n<p class=\"product-item-p\" style=\"margin: 5px 0;\">1 Tesoura de cozinha<\/p>\n<p class=\"product-item-p\" style=\"margin: 5px 0;\">1 Abre-latas multiusos<\/p>\n<p class=\"product-item-p\" style=\"margin: 5px 0;\">1 Descascador<\/p>\n<\/div>\n<\/div>\n<div id=\"product-description_responsive\" style=\"flex-direction: row; width: 100%; flex-wrap: wrap; justify-content: center;\">\n<div class=\"product-description-column first-product-column\" style=\"width: fit-content;\">\n<p class=\"product-item-p\" style=\"margin: 5px 0;\">2 Ch\u00e1venas<\/p>\n<p class=\"product-item-p\" style=\"margin: 5px 0;\">2 Copos de vidro<\/p>\n<p class=\"product-item-p\" style=\"margin: 5px 0;\">2 Pratos rasos<\/p>\n<p class=\"product-item-p\" style=\"margin: 5px 0;\">2 Pratos fundos<\/p>\n<p class=\"product-item-p\" style=\"margin: 5px 0;\">2 Pratos de sobremesa<\/p>\n<p class=\"product-item-p\" style=\"margin: 5px 0;\">2 Colheres de sopa<\/p>\n<p class=\"product-item-p\" style=\"margin: 5px 0;\">2 Garfos<\/p>\n<p class=\"product-item-p\" style=\"margin: 5px 0;\">2 Colheres de sobremesa<\/p>\n<p class=\"product-item-p\" style=\"margin: 5px 0;\">2 Facas<\/p>\n<p class=\"product-item-p\" style=\"margin: 5px 0;\">2 Tigelas<\/p>\n<p class=\"product-item-p\" style=\"margin: 5px 0;\">1 Abre-latas multiusos<\/p>\n<p class=\"product-item-p\" style=\"margin: 5px 0;\">1 Descascador<\/p>\n<\/div>\n<div class=\"product-description-column middle-product-column\" style=\"width: fit-content; margin-left: 25px;\">\n<p class=\"product-item-p\" style=\"margin: 5px 0;\">1 Coador<\/p>\n<p class=\"product-item-p\" style=\"margin: 5px 0;\">1 Frigideira 22cm<\/p>\n<p class=\"product-item-p\" style=\"margin: 5px 0;\">1 Panela 22cm<\/p>\n<p class=\"product-item-p\" style=\"margin: 5px 0;\">2 Panos de cozinha<\/p>\n<p class=\"product-item-p\" style=\"margin: 5px 0;\">1 Esp\u00e1tula<\/p>\n<p class=\"product-item-p\" style=\"margin: 5px 0;\">1 Set 3 recipientes<\/p>\n<p class=\"product-item-p\" style=\"margin: 5px 0;\">1 Pegador de massa<\/p>\n<p class=\"product-item-p\" style=\"margin: 5px 0;\">1 Escumadeira<\/p>\n<p class=\"product-item-p\" style=\"margin: 5px 0;\">1 T\u00e1bua de cortar<\/p>\n<p class=\"product-item-p\" style=\"margin: 5px 0;\">1 Concha<\/p>\n<p class=\"product-item-p\" style=\"margin: 5px 0;\">1 Faca de chef<\/p>\n<p class=\"product-item-p\" style=\"margin: 5px 0;\">1 Tesoura de cozinha<\/p>\n<\/div>\n<\/div>\n<div><\/div>","protected":false},"excerpt":{"rendered":"<p>O Pack de Cozinha da Menaki inclui os utens\u00edlios essenciais para preparares as tuas refei\u00e7\u00f5es com comodidade. Concha, esp\u00e1tula, descascador e muito mais, tudo num s\u00f3 kit para que n\u00e3o te falte nada na cozinha. Al\u00e9m disso, as frigideiras e panelas s\u00e3o adequadas para todo o tipo de fog\u00f5es, incluindo indu\u00e7\u00e3o. Pr\u00e1tico e pronto a usar!<\/p>","protected":false},"featured_media":7486,"comment_status":"open","ping_status":"closed","template":"","meta":[],"product_brand":[],"product_cat":[20,19],"product_tag":[],"class_list":{"0":"post-393","1":"product","2":"type-product","3":"status-publish","4":"has-post-thumbnail","6":"product_cat-cocina","7":"product_cat-packs","9":"first","10":"instock","11":"shipping-taxable","12":"purchasable","13":"product-type-simple"},"_links":{"self":[{"href":"https:\/\/menaki.es\/pt\/wp-json\/wp\/v2\/product\/393","targetHints":{"allow":["GET"]}}],"collection":[{"href":"https:\/\/menaki.es\/pt\/wp-json\/wp\/v2\/product"}],"about":[{"href":"https:\/\/menaki.es\/pt\/wp-json\/wp\/v2\/types\/product"}],"replies":[{"embeddable":true,"href":"https:\/\/menaki.es\/pt\/wp-json\/wp\/v2\/comments?post=393"}],"wp:featuredmedia":[{"embeddable":true,"href":"https:\/\/menaki.es\/pt\/wp-json\/wp\/v2\/media\/7486"}],"wp:attachment":[{"href":"https:\/\/menaki.es\/pt\/wp-json\/wp\/v2\/media?parent=393"}],"wp:term":[{"taxonomy":"product_brand","embeddable":true,"href":"https:\/\/menaki.es\/pt\/wp-json\/wp\/v2\/product_brand?post=393"},{"taxonomy":"product_cat","embeddable":true,"href":"https:\/\/menaki.es\/pt\/wp-json\/wp\/v2\/product_cat?post=393"},{"taxonomy":"product_tag","embeddable":true,"href":"https:\/\/menaki.es\/pt\/wp-json\/wp\/v2\/product_tag?post=393"}],"curies":[{"name":"wp","href":"https:\/\/api.w.org\/{rel}","templated":true}]}}