{"id":421,"date":"2024-10-17T09:34:39","date_gmt":"2024-10-17T07:34:39","guid":{"rendered":"https:\/\/menaki.es\/?post_type=product&#038;p=421"},"modified":"2025-05-02T13:12:18","modified_gmt":"2025-05-02T11:12:18","slug":"pack-limpieza","status":"publish","type":"product","link":"https:\/\/menaki.es\/pt\/producto\/pack-limpieza\/","title":{"rendered":"PACK DE LIMPEZA"},"content":{"rendered":"<div id=\"product-description_pc\" style=\"flex-direction: row; width: 100%; justify-content: space-between;\">\n<div class=\"product-description-column first-product-column\" style=\"width: fit-content; margin-right: auto;\">\n<p class=\"product-item-p\" style=\"margin: 5px 0;\">1 Balde de esfreg\u00e3o<\/p>\n<p class=\"product-item-p\" style=\"margin: 5px 0;\">1 Lote de panos amarelos<\/p>\n<\/div>\n<div class=\"product-description-column middle-product-column\" style=\"width: fit-content; margin: 0 auto;\">\n<p class=\"product-item-p\" style=\"margin: 5px 0;\">1 Set de panos<\/p>\n<p class=\"product-item-p\" style=\"margin: 5px 0;\">1 Set de esfreg\u00f5es<\/p>\n<\/div>\n<div class=\"product-description-column middle-product-column\" style=\"width: fit-content; margin: 0 auto;\">\n<p class=\"product-item-p\" style=\"margin: 5px 0;\">1 Esfreg\u00e3o + Cabo<\/p>\n<p class=\"product-item-p\" style=\"margin: 5px 0;\">1 Vassoura + Cabo<\/p>\n<\/div>\n<div class=\"product-description-column last-product-column\" style=\"width: fit-content; margin: 0 auto;\">\n<p class=\"product-item-p\" style=\"margin: 5px 0;\">1 P\u00e1 do lixo + Cabo<\/p>\n<p class=\"product-item-p\" style=\"margin: 5px 0;\">1 Balde com pegas<\/p>\n<\/div>\n<\/div>\n<div id=\"product-description_responsive\" style=\"flex-direction: row; width: 100%; justify-content: space-between;\">\n<div class=\"product-description-column first-product-column\" style=\"max-width: fit-content;\">\n<p class=\"product-item-p\" style=\"margin: 5px 0; max-width: fit-content;\">1 Balde de esfreg\u00e3o<\/p>\n<p class=\"product-item-p\" style=\"margin: 5px 0; max-width: fit-content;\">1 Lote de panos amarelos<\/p>\n<p class=\"product-item-p\" style=\"margin: 5px 0; max-width: fit-content;\">1 Set de panos<\/p>\n<p class=\"product-item-p\" style=\"margin: 5px 0; max-width: fit-content;\">1 Set de esfreg\u00f5es<\/p>\n<p class=\"product-item-p\" style=\"margin: 5px 0; max-width: fit-content;\">1 Esfreg\u00e3o + Cabo<\/p>\n<p class=\"product-item-p\" style=\"margin: 5px 0; max-width: fit-content;\">1 Vassoura + Cabo<\/p>\n<p class=\"product-item-p\" style=\"margin: 5px 0; max-width: fit-content;\">1 P\u00e1 do lixo + Cabo<\/p>\n<p class=\"product-item-p\" style=\"margin: 5px 0; max-width: fit-content;\">1 Balde com pegas<\/p>\n<\/div>\n<\/div>","protected":false},"excerpt":{"rendered":"<p>O Pack de Limpeza da Menaki inclui tudo o que precisas para manter o teu espa\u00e7o impec\u00e1vel. Esponja, pano, esfreg\u00e3o, detergente e muito mais, num kit pr\u00e1tico e pronto a usar. Facilita a tua limpeza desde o primeiro dia!<\/p>","protected":false},"featured_media":3792,"comment_status":"open","ping_status":"closed","template":"","meta":[],"product_brand":[],"product_cat":[23,19],"product_tag":[],"class_list":{"0":"post-421","1":"product","2":"type-product","3":"status-publish","4":"has-post-thumbnail","6":"product_cat-limpieza","7":"product_cat-packs","9":"first","10":"instock","11":"shipping-taxable","12":"purchasable","13":"product-type-simple"},"_links":{"self":[{"href":"https:\/\/menaki.es\/pt\/wp-json\/wp\/v2\/product\/421","targetHints":{"allow":["GET"]}}],"collection":[{"href":"https:\/\/menaki.es\/pt\/wp-json\/wp\/v2\/product"}],"about":[{"href":"https:\/\/menaki.es\/pt\/wp-json\/wp\/v2\/types\/product"}],"replies":[{"embeddable":true,"href":"https:\/\/menaki.es\/pt\/wp-json\/wp\/v2\/comments?post=421"}],"wp:featuredmedia":[{"embeddable":true,"href":"https:\/\/menaki.es\/pt\/wp-json\/wp\/v2\/media\/3792"}],"wp:attachment":[{"href":"https:\/\/menaki.es\/pt\/wp-json\/wp\/v2\/media?parent=421"}],"wp:term":[{"taxonomy":"product_brand","embeddable":true,"href":"https:\/\/menaki.es\/pt\/wp-json\/wp\/v2\/product_brand?post=421"},{"taxonomy":"product_cat","embeddable":true,"href":"https:\/\/menaki.es\/pt\/wp-json\/wp\/v2\/product_cat?post=421"},{"taxonomy":"product_tag","embeddable":true,"href":"https:\/\/menaki.es\/pt\/wp-json\/wp\/v2\/product_tag?post=421"}],"curies":[{"name":"wp","href":"https:\/\/api.w.org\/{rel}","templated":true}]}}