{"id":423,"date":"2024-10-17T09:36:03","date_gmt":"2024-10-17T07:36:03","guid":{"rendered":"https:\/\/menaki.es\/?post_type=product&#038;p=423"},"modified":"2026-03-17T11:42:03","modified_gmt":"2026-03-17T10:42:03","slug":"pack-extras","status":"publish","type":"product","link":"https:\/\/menaki.es\/pt\/producto\/pack-extras\/","title":{"rendered":"PACK DE EXTRAS"},"content":{"rendered":"<div id=\"product-description_pc\" style=\"flex-direction: row; width: 100%; justify-content: space-between;\">\n<div class=\"product-description-column first-product-column\" style=\"width: fit-content; margin-right: auto;\">\n<p class=\"product-item-p\" style=\"margin: 5px 0;\">1 Cesta de banho<\/p>\n<\/div>\n<div class=\"product-description-column middle-product-column\" style=\"width: fit-content; margin: 0 auto;\">\n<p class=\"product-item-p\" style=\"margin: 5px 0;\">1 Set de banho de 3 pe\u00e7as<\/p>\n<\/div>\n<div class=\"product-description-column middle-product-column\" style=\"width: fit-content; margin: 0 auto;\">\n<p class=\"product-item-p\" style=\"margin: 5px 0;\">6 Cabides<\/p>\n<\/div>\n<div class=\"product-description-column middle-product-column\" style=\"width: fit-content; margin: 0 auto;\">\n<p class=\"product-item-p\" style=\"margin: 5px 0;\">1 Cesta<\/p>\n<\/div>\n<div class=\"product-description-column last-product-column\" style=\"width: fit-content; margin-left: auto;\">\n<p class=\"product-item-p\" style=\"margin: 5px 0;\">12 Molas de roupa<\/p>\n<\/div>\n<\/div>\n<div id=\"product-description_responsive\" style=\"flex-direction: row; width: 100%; justify-content: space-between;\">\n<div class=\"product-description-column first-product-column\" style=\"max-width: fit-content;\">\n<p class=\"product-item-p\" style=\"margin: 5px 0; max-width: fit-content;\">1 Cesta de banho<\/p>\n<p class=\"product-item-p\" style=\"margin: 5px 0; max-width: fit-content;\">1 Set de banho de 3 pe\u00e7as<\/p>\n<p class=\"product-item-p\" style=\"margin: 5px 0; max-width: fit-content;\">6 Cabides<\/p>\n<p class=\"product-item-p\" style=\"margin: 5px 0; max-width: fit-content;\">1 Cesta<\/p>\n<p class=\"product-item-p\" style=\"margin: 5px 0; max-width: fit-content;\">12 Molas de roupa<\/p>\n<\/div>\n<\/div>","protected":false},"excerpt":{"rendered":"<p>O Pack de Acess\u00f3rios da Menaki inclui todos os imprescind\u00edveis para a tua nova resid\u00eancia. Tudo o que precisas para te instalar comodamente desde o primeiro dia. Pronto a usar e sem complica\u00e7\u00f5es!<\/p>","protected":false},"featured_media":7474,"comment_status":"open","ping_status":"closed","template":"","meta":[],"product_brand":[],"product_cat":[24,25,19],"product_tag":[],"class_list":{"0":"post-423","1":"product","2":"type-product","3":"status-publish","4":"has-post-thumbnail","6":"product_cat-bano","7":"product_cat-extras","8":"product_cat-packs","10":"first","11":"instock","12":"shipping-taxable","13":"purchasable","14":"product-type-simple"},"_links":{"self":[{"href":"https:\/\/menaki.es\/pt\/wp-json\/wp\/v2\/product\/423","targetHints":{"allow":["GET"]}}],"collection":[{"href":"https:\/\/menaki.es\/pt\/wp-json\/wp\/v2\/product"}],"about":[{"href":"https:\/\/menaki.es\/pt\/wp-json\/wp\/v2\/types\/product"}],"replies":[{"embeddable":true,"href":"https:\/\/menaki.es\/pt\/wp-json\/wp\/v2\/comments?post=423"}],"wp:featuredmedia":[{"embeddable":true,"href":"https:\/\/menaki.es\/pt\/wp-json\/wp\/v2\/media\/7474"}],"wp:attachment":[{"href":"https:\/\/menaki.es\/pt\/wp-json\/wp\/v2\/media?parent=423"}],"wp:term":[{"taxonomy":"product_brand","embeddable":true,"href":"https:\/\/menaki.es\/pt\/wp-json\/wp\/v2\/product_brand?post=423"},{"taxonomy":"product_cat","embeddable":true,"href":"https:\/\/menaki.es\/pt\/wp-json\/wp\/v2\/product_cat?post=423"},{"taxonomy":"product_tag","embeddable":true,"href":"https:\/\/menaki.es\/pt\/wp-json\/wp\/v2\/product_tag?post=423"}],"curies":[{"name":"wp","href":"https:\/\/api.w.org\/{rel}","templated":true}]}}